{"id":101,"date":"2015-06-13T10:03:41","date_gmt":"2015-06-13T10:03:41","guid":{"rendered":"http:\/\/vskrumbach.ac.at\/wordpress\/?page_id=101"},"modified":"2025-10-20T09:04:33","modified_gmt":"2025-10-20T09:04:33","slug":"klassen-2","status":"publish","type":"page","link":"http:\/\/vskrumbach.ac.at\/wordpress\/?page_id=101","title":{"rendered":"Lehrer und Personal"},"content":{"rendered":"<div class=\"wp-block-image\">\n<figure class=\"aligncenter size-large\"><img loading=\"lazy\" decoding=\"async\" width=\"600\" height=\"400\" src=\"http:\/\/vskrumbach.ac.at\/wordpress\/wp-content\/uploads\/2025\/09\/VSKm25_L_0070_kl-600x400.jpg\" alt=\"\" class=\"wp-image-10938\" srcset=\"http:\/\/vskrumbach.ac.at\/wordpress\/wp-content\/uploads\/2025\/09\/VSKm25_L_0070_kl-600x400.jpg 600w, http:\/\/vskrumbach.ac.at\/wordpress\/wp-content\/uploads\/2025\/09\/VSKm25_L_0070_kl-200x133.jpg 200w, http:\/\/vskrumbach.ac.at\/wordpress\/wp-content\/uploads\/2025\/09\/VSKm25_L_0070_kl-768x512.jpg 768w, http:\/\/vskrumbach.ac.at\/wordpress\/wp-content\/uploads\/2025\/09\/VSKm25_L_0070_kl-1536x1024.jpg 1536w, http:\/\/vskrumbach.ac.at\/wordpress\/wp-content\/uploads\/2025\/09\/VSKm25_L_0070_kl-2048x1365.jpg 2048w\" sizes=\"auto, (max-width: 600px) 100vw, 600px\" \/><\/figure><\/div>\n\n\n<figure class=\"wp-block-gallery aligncenter has-nested-images columns-4 is-cropped wp-block-gallery-1 is-layout-flex wp-block-gallery-is-layout-flex\">\n<figure class=\"wp-block-image size-large\"><img loading=\"lazy\" decoding=\"async\" width=\"419\" height=\"600\" data-id=\"10943\" src=\"http:\/\/vskrumbach.ac.at\/wordpress\/wp-content\/uploads\/2025\/09\/VSKs25_L_1132-419x600.jpg\" alt=\"\" class=\"wp-image-10943\" srcset=\"http:\/\/vskrumbach.ac.at\/wordpress\/wp-content\/uploads\/2025\/09\/VSKs25_L_1132-419x600.jpg 419w, http:\/\/vskrumbach.ac.at\/wordpress\/wp-content\/uploads\/2025\/09\/VSKs25_L_1132-140x200.jpg 140w, http:\/\/vskrumbach.ac.at\/wordpress\/wp-content\/uploads\/2025\/09\/VSKs25_L_1132-768x1101.jpg 768w, http:\/\/vskrumbach.ac.at\/wordpress\/wp-content\/uploads\/2025\/09\/VSKs25_L_1132-1072x1536.jpg 1072w, http:\/\/vskrumbach.ac.at\/wordpress\/wp-content\/uploads\/2025\/09\/VSKs25_L_1132-1429x2048.jpg 1429w, http:\/\/vskrumbach.ac.at\/wordpress\/wp-content\/uploads\/2025\/09\/VSKs25_L_1132.jpg 1500w\" sizes=\"auto, (max-width: 419px) 100vw, 419px\" \/><figcaption class=\"wp-element-caption\">Manuela Trimmel 1. Klasse<\/figcaption><\/figure>\n\n\n\n<figure class=\"wp-block-image size-large\"><img loading=\"lazy\" decoding=\"async\" width=\"419\" height=\"600\" data-id=\"10989\" src=\"http:\/\/vskrumbach.ac.at\/wordpress\/wp-content\/uploads\/2025\/10\/VSKs25_L_1405-419x600.jpg\" alt=\"\" class=\"wp-image-10989\" srcset=\"http:\/\/vskrumbach.ac.at\/wordpress\/wp-content\/uploads\/2025\/10\/VSKs25_L_1405-419x600.jpg 419w, http:\/\/vskrumbach.ac.at\/wordpress\/wp-content\/uploads\/2025\/10\/VSKs25_L_1405-140x200.jpg 140w, http:\/\/vskrumbach.ac.at\/wordpress\/wp-content\/uploads\/2025\/10\/VSKs25_L_1405-768x1101.jpg 768w, http:\/\/vskrumbach.ac.at\/wordpress\/wp-content\/uploads\/2025\/10\/VSKs25_L_1405-1072x1536.jpg 1072w, http:\/\/vskrumbach.ac.at\/wordpress\/wp-content\/uploads\/2025\/10\/VSKs25_L_1405-1429x2048.jpg 1429w, http:\/\/vskrumbach.ac.at\/wordpress\/wp-content\/uploads\/2025\/10\/VSKs25_L_1405.jpg 1500w\" sizes=\"auto, (max-width: 419px) 100vw, 419px\" \/><figcaption class=\"wp-element-caption\">Sabine Kager 2. Klasse<\/figcaption><\/figure>\n\n\n\n<figure class=\"wp-block-image size-large\"><img loading=\"lazy\" decoding=\"async\" width=\"419\" height=\"600\" data-id=\"10942\" src=\"http:\/\/vskrumbach.ac.at\/wordpress\/wp-content\/uploads\/2025\/09\/VSKs25_L_1533-1-419x600.jpg\" alt=\"\" class=\"wp-image-10942\" srcset=\"http:\/\/vskrumbach.ac.at\/wordpress\/wp-content\/uploads\/2025\/09\/VSKs25_L_1533-1-419x600.jpg 419w, http:\/\/vskrumbach.ac.at\/wordpress\/wp-content\/uploads\/2025\/09\/VSKs25_L_1533-1-140x200.jpg 140w, http:\/\/vskrumbach.ac.at\/wordpress\/wp-content\/uploads\/2025\/09\/VSKs25_L_1533-1-768x1101.jpg 768w, http:\/\/vskrumbach.ac.at\/wordpress\/wp-content\/uploads\/2025\/09\/VSKs25_L_1533-1-1072x1536.jpg 1072w, http:\/\/vskrumbach.ac.at\/wordpress\/wp-content\/uploads\/2025\/09\/VSKs25_L_1533-1-1429x2048.jpg 1429w, http:\/\/vskrumbach.ac.at\/wordpress\/wp-content\/uploads\/2025\/09\/VSKs25_L_1533-1.jpg 1500w\" sizes=\"auto, (max-width: 419px) 100vw, 419px\" \/><figcaption class=\"wp-element-caption\">Sabine Holzbauer, 3A<\/figcaption><\/figure>\n\n\n\n<figure class=\"wp-block-image size-large\"><img loading=\"lazy\" decoding=\"async\" width=\"419\" height=\"600\" data-id=\"10944\" src=\"http:\/\/vskrumbach.ac.at\/wordpress\/wp-content\/uploads\/2025\/09\/VSKs25_L_1686-419x600.jpg\" alt=\"\" class=\"wp-image-10944\" srcset=\"http:\/\/vskrumbach.ac.at\/wordpress\/wp-content\/uploads\/2025\/09\/VSKs25_L_1686-419x600.jpg 419w, http:\/\/vskrumbach.ac.at\/wordpress\/wp-content\/uploads\/2025\/09\/VSKs25_L_1686-140x200.jpg 140w, http:\/\/vskrumbach.ac.at\/wordpress\/wp-content\/uploads\/2025\/09\/VSKs25_L_1686-768x1101.jpg 768w, http:\/\/vskrumbach.ac.at\/wordpress\/wp-content\/uploads\/2025\/09\/VSKs25_L_1686-1072x1536.jpg 1072w, http:\/\/vskrumbach.ac.at\/wordpress\/wp-content\/uploads\/2025\/09\/VSKs25_L_1686-1429x2048.jpg 1429w, http:\/\/vskrumbach.ac.at\/wordpress\/wp-content\/uploads\/2025\/09\/VSKs25_L_1686.jpg 1500w\" sizes=\"auto, (max-width: 419px) 100vw, 419px\" \/><figcaption class=\"wp-element-caption\">Sandra Wieser, 3B<\/figcaption><\/figure>\n\n\n\n<figure class=\"wp-block-image size-large\"><img loading=\"lazy\" decoding=\"async\" width=\"419\" height=\"600\" data-id=\"10941\" src=\"http:\/\/vskrumbach.ac.at\/wordpress\/wp-content\/uploads\/2025\/09\/VSKs25_L_1779-419x600.jpg\" alt=\"\" class=\"wp-image-10941\" srcset=\"http:\/\/vskrumbach.ac.at\/wordpress\/wp-content\/uploads\/2025\/09\/VSKs25_L_1779-419x600.jpg 419w, http:\/\/vskrumbach.ac.at\/wordpress\/wp-content\/uploads\/2025\/09\/VSKs25_L_1779-140x200.jpg 140w, http:\/\/vskrumbach.ac.at\/wordpress\/wp-content\/uploads\/2025\/09\/VSKs25_L_1779-768x1101.jpg 768w, http:\/\/vskrumbach.ac.at\/wordpress\/wp-content\/uploads\/2025\/09\/VSKs25_L_1779-1072x1536.jpg 1072w, http:\/\/vskrumbach.ac.at\/wordpress\/wp-content\/uploads\/2025\/09\/VSKs25_L_1779-1429x2048.jpg 1429w, http:\/\/vskrumbach.ac.at\/wordpress\/wp-content\/uploads\/2025\/09\/VSKs25_L_1779.jpg 1500w\" sizes=\"auto, (max-width: 419px) 100vw, 419px\" \/><figcaption class=\"wp-element-caption\">Gerlinde Grabner 4.Klasse<\/figcaption><\/figure>\n\n\n\n<figure class=\"wp-block-image size-large\"><img loading=\"lazy\" decoding=\"async\" width=\"419\" height=\"600\" data-id=\"10971\" src=\"http:\/\/vskrumbach.ac.at\/wordpress\/wp-content\/uploads\/2025\/10\/VSKs25_L_1692-419x600.jpg\" alt=\"\" class=\"wp-image-10971\" srcset=\"http:\/\/vskrumbach.ac.at\/wordpress\/wp-content\/uploads\/2025\/10\/VSKs25_L_1692-419x600.jpg 419w, http:\/\/vskrumbach.ac.at\/wordpress\/wp-content\/uploads\/2025\/10\/VSKs25_L_1692-140x200.jpg 140w, http:\/\/vskrumbach.ac.at\/wordpress\/wp-content\/uploads\/2025\/10\/VSKs25_L_1692-768x1101.jpg 768w, http:\/\/vskrumbach.ac.at\/wordpress\/wp-content\/uploads\/2025\/10\/VSKs25_L_1692-1072x1536.jpg 1072w, http:\/\/vskrumbach.ac.at\/wordpress\/wp-content\/uploads\/2025\/10\/VSKs25_L_1692-1429x2048.jpg 1429w, http:\/\/vskrumbach.ac.at\/wordpress\/wp-content\/uploads\/2025\/10\/VSKs25_L_1692.jpg 1500w\" sizes=\"auto, (max-width: 419px) 100vw, 419px\" \/><figcaption class=\"wp-element-caption\">Marieluise Fischer<\/figcaption><\/figure>\n\n\n\n<figure class=\"wp-block-image size-large\"><img loading=\"lazy\" decoding=\"async\" width=\"419\" height=\"600\" data-id=\"11049\" src=\"http:\/\/vskrumbach.ac.at\/wordpress\/wp-content\/uploads\/2025\/10\/VSKs25_L_2107-419x600.jpg\" alt=\"\" class=\"wp-image-11049\" srcset=\"http:\/\/vskrumbach.ac.at\/wordpress\/wp-content\/uploads\/2025\/10\/VSKs25_L_2107-419x600.jpg 419w, http:\/\/vskrumbach.ac.at\/wordpress\/wp-content\/uploads\/2025\/10\/VSKs25_L_2107-140x200.jpg 140w, http:\/\/vskrumbach.ac.at\/wordpress\/wp-content\/uploads\/2025\/10\/VSKs25_L_2107-768x1101.jpg 768w, http:\/\/vskrumbach.ac.at\/wordpress\/wp-content\/uploads\/2025\/10\/VSKs25_L_2107-1072x1536.jpg 1072w, http:\/\/vskrumbach.ac.at\/wordpress\/wp-content\/uploads\/2025\/10\/VSKs25_L_2107-1429x2048.jpg 1429w, http:\/\/vskrumbach.ac.at\/wordpress\/wp-content\/uploads\/2025\/10\/VSKs25_L_2107.jpg 1500w\" sizes=\"auto, (max-width: 419px) 100vw, 419px\" \/><figcaption class=\"wp-element-caption\">Christine Riegler, Religion<\/figcaption><\/figure>\n\n\n\n<figure class=\"wp-block-image size-large\"><img loading=\"lazy\" decoding=\"async\" width=\"600\" height=\"405\" data-id=\"8775\" src=\"http:\/\/vskrumbach.ac.at\/wordpress\/wp-content\/uploads\/2022\/07\/IMG-20220504-WA0001-600x405.jpg\" alt=\"\" class=\"wp-image-8775\" srcset=\"http:\/\/vskrumbach.ac.at\/wordpress\/wp-content\/uploads\/2022\/07\/IMG-20220504-WA0001-600x405.jpg 600w, http:\/\/vskrumbach.ac.at\/wordpress\/wp-content\/uploads\/2022\/07\/IMG-20220504-WA0001-200x135.jpg 200w, http:\/\/vskrumbach.ac.at\/wordpress\/wp-content\/uploads\/2022\/07\/IMG-20220504-WA0001-768x518.jpg 768w, http:\/\/vskrumbach.ac.at\/wordpress\/wp-content\/uploads\/2022\/07\/IMG-20220504-WA0001-1536x1036.jpg 1536w, http:\/\/vskrumbach.ac.at\/wordpress\/wp-content\/uploads\/2022\/07\/IMG-20220504-WA0001.jpg 1934w\" sizes=\"auto, (max-width: 600px) 100vw, 600px\" \/><\/figure>\n<\/figure>\n\n\n\n<figure class=\"wp-block-gallery has-nested-images columns-4 is-cropped wp-block-gallery-2 is-layout-flex wp-block-gallery-is-layout-flex\">\n<figure class=\"wp-block-image size-large\"><img loading=\"lazy\" decoding=\"async\" width=\"419\" height=\"600\" data-id=\"10946\" src=\"http:\/\/vskrumbach.ac.at\/wordpress\/wp-content\/uploads\/2025\/09\/VSKs25_L_1382-419x600.jpg\" alt=\"\" class=\"wp-image-10946\" srcset=\"http:\/\/vskrumbach.ac.at\/wordpress\/wp-content\/uploads\/2025\/09\/VSKs25_L_1382-419x600.jpg 419w, http:\/\/vskrumbach.ac.at\/wordpress\/wp-content\/uploads\/2025\/09\/VSKs25_L_1382-140x200.jpg 140w, http:\/\/vskrumbach.ac.at\/wordpress\/wp-content\/uploads\/2025\/09\/VSKs25_L_1382-768x1101.jpg 768w, http:\/\/vskrumbach.ac.at\/wordpress\/wp-content\/uploads\/2025\/09\/VSKs25_L_1382-1072x1536.jpg 1072w, http:\/\/vskrumbach.ac.at\/wordpress\/wp-content\/uploads\/2025\/09\/VSKs25_L_1382-1429x2048.jpg 1429w, http:\/\/vskrumbach.ac.at\/wordpress\/wp-content\/uploads\/2025\/09\/VSKs25_L_1382.jpg 1500w\" sizes=\"auto, (max-width: 419px) 100vw, 419px\" \/><figcaption class=\"wp-element-caption\">Anna-Lena Widermann, Sekretariat<\/figcaption><\/figure>\n\n\n\n<figure class=\"wp-block-image size-large\"><img loading=\"lazy\" decoding=\"async\" width=\"419\" height=\"600\" data-id=\"10945\" src=\"http:\/\/vskrumbach.ac.at\/wordpress\/wp-content\/uploads\/2025\/09\/VSKs25_L_1394-419x600.jpg\" alt=\"\" class=\"wp-image-10945\" srcset=\"http:\/\/vskrumbach.ac.at\/wordpress\/wp-content\/uploads\/2025\/09\/VSKs25_L_1394-419x600.jpg 419w, http:\/\/vskrumbach.ac.at\/wordpress\/wp-content\/uploads\/2025\/09\/VSKs25_L_1394-140x200.jpg 140w, http:\/\/vskrumbach.ac.at\/wordpress\/wp-content\/uploads\/2025\/09\/VSKs25_L_1394-768x1101.jpg 768w, http:\/\/vskrumbach.ac.at\/wordpress\/wp-content\/uploads\/2025\/09\/VSKs25_L_1394-1072x1536.jpg 1072w, http:\/\/vskrumbach.ac.at\/wordpress\/wp-content\/uploads\/2025\/09\/VSKs25_L_1394-1429x2048.jpg 1429w, http:\/\/vskrumbach.ac.at\/wordpress\/wp-content\/uploads\/2025\/09\/VSKs25_L_1394.jpg 1500w\" sizes=\"auto, (max-width: 419px) 100vw, 419px\" \/><figcaption class=\"wp-element-caption\">Harald Beiglb\u00f6ck, Schulwart<\/figcaption><\/figure>\n\n\n\n<figure class=\"wp-block-image size-full\"><img loading=\"lazy\" decoding=\"async\" width=\"224\" height=\"304\" data-id=\"5332\" src=\"http:\/\/vskrumbach.ac.at\/wordpress\/wp-content\/uploads\/2018\/10\/Unbenannt-1.png\" alt=\"\" class=\"wp-image-5332\" srcset=\"http:\/\/vskrumbach.ac.at\/wordpress\/wp-content\/uploads\/2018\/10\/Unbenannt-1.png 224w, http:\/\/vskrumbach.ac.at\/wordpress\/wp-content\/uploads\/2018\/10\/Unbenannt-1-221x300.png 221w\" sizes=\"auto, (max-width: 224px) 100vw, 224px\" \/><figcaption class=\"wp-element-caption\">Judith Stampf, Beratungslehrerin<\/figcaption><\/figure>\n\n\n\n<figure class=\"wp-block-image size-large\"><img loading=\"lazy\" decoding=\"async\" width=\"600\" height=\"450\" data-id=\"10515\" src=\"http:\/\/vskrumbach.ac.at\/wordpress\/wp-content\/uploads\/2024\/11\/IMG-20230418-WA0011-600x450.jpg\" alt=\"\" class=\"wp-image-10515\" srcset=\"http:\/\/vskrumbach.ac.at\/wordpress\/wp-content\/uploads\/2024\/11\/IMG-20230418-WA0011-600x450.jpg 600w, http:\/\/vskrumbach.ac.at\/wordpress\/wp-content\/uploads\/2024\/11\/IMG-20230418-WA0011-200x150.jpg 200w, http:\/\/vskrumbach.ac.at\/wordpress\/wp-content\/uploads\/2024\/11\/IMG-20230418-WA0011-768x576.jpg 768w, http:\/\/vskrumbach.ac.at\/wordpress\/wp-content\/uploads\/2024\/11\/IMG-20230418-WA0011-1536x1152.jpg 1536w, http:\/\/vskrumbach.ac.at\/wordpress\/wp-content\/uploads\/2024\/11\/IMG-20230418-WA0011.jpg 2000w\" sizes=\"auto, (max-width: 600px) 100vw, 600px\" \/><\/figure>\n<\/figure>\n\n\n\n<figure class=\"wp-block-gallery has-nested-images columns-6 is-cropped wp-block-gallery-3 is-layout-flex wp-block-gallery-is-layout-flex\">\n<figure class=\"wp-block-image size-large\"><img loading=\"lazy\" decoding=\"async\" width=\"128\" height=\"126\" data-id=\"3204\" src=\"http:\/\/vskrumbach.ac.at\/wordpress\/wp-content\/uploads\/2015\/06\/roman.png\" alt=\"\" class=\"wp-image-3204\"\/><figcaption class=\"wp-element-caption\">Roman Bischorn-Stickelberger  Bl\u00e4serklasse<\/figcaption><\/figure>\n\n\n\n<figure class=\"wp-block-image size-large\"><img loading=\"lazy\" decoding=\"async\" width=\"400\" height=\"600\" data-id=\"10966\" src=\"https:\/\/vskrumbach.ac.at\/wordpress\/wp-content\/uploads\/2025\/09\/10839939_XXL-400x600.jpg\" alt=\"\" class=\"wp-image-10966\" srcset=\"http:\/\/vskrumbach.ac.at\/wordpress\/wp-content\/uploads\/2025\/09\/10839939_XXL-400x600.jpg 400w, http:\/\/vskrumbach.ac.at\/wordpress\/wp-content\/uploads\/2025\/09\/10839939_XXL-133x200.jpg 133w, http:\/\/vskrumbach.ac.at\/wordpress\/wp-content\/uploads\/2025\/09\/10839939_XXL-768x1151.jpg 768w, http:\/\/vskrumbach.ac.at\/wordpress\/wp-content\/uploads\/2025\/09\/10839939_XXL-1025x1536.jpg 1025w, http:\/\/vskrumbach.ac.at\/wordpress\/wp-content\/uploads\/2025\/09\/10839939_XXL.jpg 1366w\" sizes=\"auto, (max-width: 400px) 100vw, 400px\" \/><figcaption class=\"wp-element-caption\">Erik Schuster Bl\u00e4serklasse<\/figcaption><\/figure>\n\n\n\n<figure class=\"wp-block-image size-large\"><img loading=\"lazy\" decoding=\"async\" width=\"768\" height=\"1024\" data-id=\"639\" src=\"http:\/\/vskrumbach.ac.at\/wordpress\/wp-content\/uploads\/2015\/06\/IMG_06711-e1444116913148-768x1024.jpg\" alt=\"\" class=\"wp-image-639\" srcset=\"http:\/\/vskrumbach.ac.at\/wordpress\/wp-content\/uploads\/2015\/06\/IMG_06711-e1444116913148-768x1024.jpg 768w, http:\/\/vskrumbach.ac.at\/wordpress\/wp-content\/uploads\/2015\/06\/IMG_06711-e1444116913148-225x300.jpg 225w\" sizes=\"auto, (max-width: 768px) 100vw, 768px\" \/><figcaption class=\"wp-element-caption\">Nina Gremel  Sprachheillehrerin<\/figcaption><\/figure>\n\n\n\n<figure class=\"wp-block-image size-large\"><img loading=\"lazy\" decoding=\"async\" width=\"162\" height=\"198\" data-id=\"9767\" src=\"http:\/\/vskrumbach.ac.at\/wordpress\/wp-content\/uploads\/2023\/10\/image.jpg\" alt=\"\" class=\"wp-image-9767\"\/><figcaption class=\"wp-element-caption\">Renate Hofer Sing- u. Rythmus<\/figcaption><\/figure>\n<\/figure>\n\n\n<h3 style=\"text-align: center;\"><span style=\"font-size: 18pt;\"><strong><span style=\"font-family: 'Book Antiqua', Palatino;\"><em><span style=\"color: #000000;\">Wir wollen die uns anvertrauten Kinder <\/span><\/em><\/span><\/strong><\/span><\/h3>\n<h3 style=\"text-align: center;\"><span style=\"font-size: 18pt;\"><strong><span style=\"font-family: 'Book Antiqua', Palatino;\"><em><span style=\"color: #000000;\">in einem herzlichen und warmen Schulklima <\/span><\/em><\/span><\/strong><\/span><\/h3>\n<h3 style=\"text-align: center;\"><span style=\"font-size: 18pt;\"><strong><span style=\"font-family: 'Book Antiqua', Palatino;\"><em><span style=\"color: #000000;\">zu gr\u00f6\u00dftm\u00f6glicher Selbstst\u00e4ndigkeit,<\/span><\/em><\/span><\/strong><\/span><\/h3>\n<h3 style=\"text-align: center;\"><span style=\"font-size: 18pt;\"><strong><span style=\"font-family: 'Book Antiqua', Palatino;\"><em><span style=\"color: #000000;\"> Eigenverantwortung und Herzensbildung f\u00fchren.<\/span><\/em><\/span><\/strong><\/span><\/h3>\n<hr \/>\n<h4>\u00a0<\/h4>\n\n\n<div class=\"wp-block-columns is-layout-flex wp-container-core-columns-is-layout-9d6595d7 wp-block-columns-is-layout-flex\">\n<div class=\"wp-block-column is-layout-flow wp-block-column-is-layout-flow\"><\/div>\n<\/div>\n\n\n\n<p><\/p>\n","protected":false},"excerpt":{"rendered":"<p>Wir wollen die uns anvertrauten Kinder in einem herzlichen und warmen Schulklima zu gr\u00f6\u00dftm\u00f6glicher Selbstst\u00e4ndigkeit, Eigenverantwortung und Herzensbildung f\u00fchren. \u00a0<\/p>\n","protected":false},"author":1,"featured_media":3199,"parent":13,"menu_order":3,"comment_status":"closed","ping_status":"closed","template":"","meta":{"footnotes":"","_links_to":"","_links_to_target":""},"class_list":["post-101","page","type-page","status-publish","has-post-thumbnail","hentry"],"_links":{"self":[{"href":"http:\/\/vskrumbach.ac.at\/wordpress\/index.php?rest_route=\/wp\/v2\/pages\/101","targetHints":{"allow":["GET"]}}],"collection":[{"href":"http:\/\/vskrumbach.ac.at\/wordpress\/index.php?rest_route=\/wp\/v2\/pages"}],"about":[{"href":"http:\/\/vskrumbach.ac.at\/wordpress\/index.php?rest_route=\/wp\/v2\/types\/page"}],"author":[{"embeddable":true,"href":"http:\/\/vskrumbach.ac.at\/wordpress\/index.php?rest_route=\/wp\/v2\/users\/1"}],"replies":[{"embeddable":true,"href":"http:\/\/vskrumbach.ac.at\/wordpress\/index.php?rest_route=%2Fwp%2Fv2%2Fcomments&post=101"}],"version-history":[{"count":115,"href":"http:\/\/vskrumbach.ac.at\/wordpress\/index.php?rest_route=\/wp\/v2\/pages\/101\/revisions"}],"predecessor-version":[{"id":11096,"href":"http:\/\/vskrumbach.ac.at\/wordpress\/index.php?rest_route=\/wp\/v2\/pages\/101\/revisions\/11096"}],"up":[{"embeddable":true,"href":"http:\/\/vskrumbach.ac.at\/wordpress\/index.php?rest_route=\/wp\/v2\/pages\/13"}],"wp:featuredmedia":[{"embeddable":true,"href":"http:\/\/vskrumbach.ac.at\/wordpress\/index.php?rest_route=\/wp\/v2\/media\/3199"}],"wp:attachment":[{"href":"http:\/\/vskrumbach.ac.at\/wordpress\/index.php?rest_route=%2Fwp%2Fv2%2Fmedia&parent=101"}],"curies":[{"name":"wp","href":"https:\/\/api.w.org\/{rel}","templated":true}]}}