{"id":296,"date":"2015-09-02T13:10:48","date_gmt":"2015-09-02T13:10:48","guid":{"rendered":"http:\/\/vskrumbach.ac.at\/wordpress\/?page_id=296"},"modified":"2025-09-30T07:11:40","modified_gmt":"2025-09-30T07:11:40","slug":"leitung","status":"publish","type":"page","link":"http:\/\/vskrumbach.ac.at\/wordpress\/?page_id=296","title":{"rendered":"Leitung"},"content":{"rendered":"<h3 style=\"text-align: center;\"><span style=\"font-size: 8pt;\">&nbsp; &nbsp; &nbsp; &nbsp; &nbsp; &nbsp; &nbsp; &nbsp; &nbsp;&nbsp;<\/span><\/h3>\n<p style=\"text-align: center;\"><em><span lang=\"DE\" style=\"margin: 0px; line-height: 107%; font-family: 'Arial',sans-serif; font-size: 14pt;\"><span style=\"color: #000000;\">\u201eEntwicklung ist wie ein Flug in Richtung wachsender Unabh\u00e4ngigkeit.<\/span><\/span><\/em><\/p>\n<p style=\"text-align: center;\"><em><span lang=\"DE\" style=\"margin: 0px; line-height: 107%; font-family: 'Arial',sans-serif; font-size: 14pt;\"><span style=\"color: #000000;\">Sie fliegt wie ein Pfeil geradeaus, schnell und zuverl\u00e4ssig.\u201c<\/span><\/span><\/em><\/p>\n<\/p>\n<p style=\"text-align: center;\"><span lang=\"DE\" style=\"margin: 0px; line-height: 107%; font-family: 'Arial',sans-serif; font-size: 14pt;\"><span style=\"color: #000000;\">Gem\u00e4\u00df dem Zitat von Maria Montessori m\u00f6chte ich meine Aufgabe<\/span><\/span><\/p>\n<p style=\"text-align: center;\"><span lang=\"DE\" style=\"margin: 0px; line-height: 107%; font-family: 'Arial',sans-serif; font-size: 14pt;\"><span style=\"color: #000000;\">als betraute Leiterin der VS Krumbach aus\u00fcben, <\/span><\/span><\/p>\n<p style=\"text-align: center;\"><span lang=\"DE\" style=\"margin: 0px; line-height: 107%; font-family: 'Arial',sans-serif; font-size: 14pt;\"><span style=\"color: #000000;\">und Sie recht herzlich auf unserer Homepage begr\u00fc\u00dfen.<\/span><\/span><\/p>\n<\/p>\n<p style=\"text-align: center;\"><span lang=\"DE\" style=\"margin: 0px; line-height: 107%; font-family: 'Arial',sans-serif; font-size: 18pt;\"><span style=\"color: #000000;\">VD Elke Mayer-Rudolf<\/span><\/span><\/p>\n<h3 style=\"text-align: center;\">&nbsp;<\/h3>\n\n\n<p class=\"has-text-align-center\"><\/p>\n\n\n<div class=\"wp-block-image\">\n<figure class=\"aligncenter size-large\"><img loading=\"lazy\" decoding=\"async\" width=\"419\" height=\"600\" src=\"http:\/\/vskrumbach.ac.at\/wordpress\/wp-content\/uploads\/2025\/09\/VSKs25_L_1009-419x600.jpg\" alt=\"\" class=\"wp-image-10948\" srcset=\"http:\/\/vskrumbach.ac.at\/wordpress\/wp-content\/uploads\/2025\/09\/VSKs25_L_1009-419x600.jpg 419w, http:\/\/vskrumbach.ac.at\/wordpress\/wp-content\/uploads\/2025\/09\/VSKs25_L_1009-140x200.jpg 140w, http:\/\/vskrumbach.ac.at\/wordpress\/wp-content\/uploads\/2025\/09\/VSKs25_L_1009-768x1101.jpg 768w, http:\/\/vskrumbach.ac.at\/wordpress\/wp-content\/uploads\/2025\/09\/VSKs25_L_1009-1072x1536.jpg 1072w, http:\/\/vskrumbach.ac.at\/wordpress\/wp-content\/uploads\/2025\/09\/VSKs25_L_1009-1429x2048.jpg 1429w, http:\/\/vskrumbach.ac.at\/wordpress\/wp-content\/uploads\/2025\/09\/VSKs25_L_1009.jpg 1500w\" sizes=\"auto, (max-width: 419px) 100vw, 419px\" \/><\/figure><\/div>","protected":false},"excerpt":{"rendered":"<p>&nbsp; &nbsp; &nbsp; &nbsp; &nbsp; &nbsp; &nbsp; &nbsp; &nbsp;&nbsp; \u201eEntwicklung ist wie ein Flug in Richtung wachsender Unabh\u00e4ngigkeit. Sie fliegt wie ein Pfeil geradeaus, schnell und zuverl\u00e4ssig.\u201c Gem\u00e4\u00df dem Zitat von Maria Montessori m\u00f6chte ich meine Aufgabe als betraute Leiterin der VS Krumbach aus\u00fcben, und Sie recht herzlich auf unserer Homepage begr\u00fc\u00dfen. VD Elke Mayer-Rudolf [&hellip;]<\/p>\n","protected":false},"author":1,"featured_media":0,"parent":13,"menu_order":2,"comment_status":"closed","ping_status":"closed","template":"","meta":{"footnotes":"","_links_to":"","_links_to_target":""},"class_list":["post-296","page","type-page","status-publish","hentry"],"_links":{"self":[{"href":"http:\/\/vskrumbach.ac.at\/wordpress\/index.php?rest_route=\/wp\/v2\/pages\/296","targetHints":{"allow":["GET"]}}],"collection":[{"href":"http:\/\/vskrumbach.ac.at\/wordpress\/index.php?rest_route=\/wp\/v2\/pages"}],"about":[{"href":"http:\/\/vskrumbach.ac.at\/wordpress\/index.php?rest_route=\/wp\/v2\/types\/page"}],"author":[{"embeddable":true,"href":"http:\/\/vskrumbach.ac.at\/wordpress\/index.php?rest_route=\/wp\/v2\/users\/1"}],"replies":[{"embeddable":true,"href":"http:\/\/vskrumbach.ac.at\/wordpress\/index.php?rest_route=%2Fwp%2Fv2%2Fcomments&post=296"}],"version-history":[{"count":21,"href":"http:\/\/vskrumbach.ac.at\/wordpress\/index.php?rest_route=\/wp\/v2\/pages\/296\/revisions"}],"predecessor-version":[{"id":10949,"href":"http:\/\/vskrumbach.ac.at\/wordpress\/index.php?rest_route=\/wp\/v2\/pages\/296\/revisions\/10949"}],"up":[{"embeddable":true,"href":"http:\/\/vskrumbach.ac.at\/wordpress\/index.php?rest_route=\/wp\/v2\/pages\/13"}],"wp:attachment":[{"href":"http:\/\/vskrumbach.ac.at\/wordpress\/index.php?rest_route=%2Fwp%2Fv2%2Fmedia&parent=296"}],"curies":[{"name":"wp","href":"https:\/\/api.w.org\/{rel}","templated":true}]}}