{"id":11010,"date":"2025-10-06T08:33:44","date_gmt":"2025-10-06T08:33:44","guid":{"rendered":"http:\/\/vskrumbach.ac.at\/wordpress\/?page_id=11010"},"modified":"2025-10-07T05:59:32","modified_gmt":"2025-10-07T05:59:32","slug":"erntedankfest","status":"publish","type":"page","link":"https:\/\/vskrumbach.ac.at\/wordpress\/?page_id=11010","title":{"rendered":"Erntedankfest"},"content":{"rendered":"<div class=\"wp-block-image\">\n<figure class=\"aligncenter\"><img loading=\"lazy\" decoding=\"async\" width=\"600\" height=\"371\" src=\"http:\/\/vskrumbach.ac.at\/wordpress\/wp-content\/uploads\/2025\/10\/Erntedankfest25-600x371.jpeg\" alt=\"\" class=\"wp-image-11012\" srcset=\"https:\/\/vskrumbach.ac.at\/wordpress\/wp-content\/uploads\/2025\/10\/Erntedankfest25-600x371.jpeg 600w, https:\/\/vskrumbach.ac.at\/wordpress\/wp-content\/uploads\/2025\/10\/Erntedankfest25-200x124.jpeg 200w, https:\/\/vskrumbach.ac.at\/wordpress\/wp-content\/uploads\/2025\/10\/Erntedankfest25-768x475.jpeg 768w, https:\/\/vskrumbach.ac.at\/wordpress\/wp-content\/uploads\/2025\/10\/Erntedankfest25.jpeg 1202w\" sizes=\"auto, (max-width: 600px) 100vw, 600px\" \/><\/figure><\/div>\n\n\n<p class=\"has-text-align-center\"><strong><mark style=\"background-color:rgba(0, 0, 0, 0)\" class=\"has-inline-color has-luminous-vivid-orange-color\">Bunte Erntek\u00f6rbe, herbstliche Dekorationen und strahlende Gesichter: Das Erntedankfest erinnert uns daran, wie wertvoll unsere Lebensmittel und die Arbeit der Landwirtinnen und Landwirte sind. In Dankbarkeit f\u00fcr die Gaben der Natur kommen Menschen zusammen, um zu feiern, zu teilen und innezuhalten. Vielen Dank f\u00fcr die zahlreiche Teilnahme!<\/mark><\/strong><\/p>\n\n\n\n<p><a href=\"https:\/\/vskrumbach.ac.at\/wordpress\/?page_id=10906\">Zur\u00fcck zur Galerie<\/a><\/p>\n","protected":false},"excerpt":{"rendered":"<p>Bunte Erntek\u00f6rbe, herbstliche Dekorationen und strahlende Gesichter: Das Erntedankfest erinnert uns daran, wie wertvoll unsere Lebensmittel und die Arbeit der Landwirtinnen und Landwirte sind. In Dankbarkeit f\u00fcr die Gaben der Natur kommen Menschen zusammen, um zu feiern, zu teilen und innezuhalten. Vielen Dank f\u00fcr die zahlreiche Teilnahme! Zur\u00fcck zur Galerie<\/p>\n","protected":false},"author":1,"featured_media":0,"parent":0,"menu_order":0,"comment_status":"closed","ping_status":"closed","template":"","meta":{"footnotes":"","_links_to":"","_links_to_target":""},"class_list":["post-11010","page","type-page","status-publish","hentry"],"_links":{"self":[{"href":"https:\/\/vskrumbach.ac.at\/wordpress\/index.php?rest_route=\/wp\/v2\/pages\/11010","targetHints":{"allow":["GET"]}}],"collection":[{"href":"https:\/\/vskrumbach.ac.at\/wordpress\/index.php?rest_route=\/wp\/v2\/pages"}],"about":[{"href":"https:\/\/vskrumbach.ac.at\/wordpress\/index.php?rest_route=\/wp\/v2\/types\/page"}],"author":[{"embeddable":true,"href":"https:\/\/vskrumbach.ac.at\/wordpress\/index.php?rest_route=\/wp\/v2\/users\/1"}],"replies":[{"embeddable":true,"href":"https:\/\/vskrumbach.ac.at\/wordpress\/index.php?rest_route=%2Fwp%2Fv2%2Fcomments&post=11010"}],"version-history":[{"count":5,"href":"https:\/\/vskrumbach.ac.at\/wordpress\/index.php?rest_route=\/wp\/v2\/pages\/11010\/revisions"}],"predecessor-version":[{"id":11021,"href":"https:\/\/vskrumbach.ac.at\/wordpress\/index.php?rest_route=\/wp\/v2\/pages\/11010\/revisions\/11021"}],"wp:attachment":[{"href":"https:\/\/vskrumbach.ac.at\/wordpress\/index.php?rest_route=%2Fwp%2Fv2%2Fmedia&parent=11010"}],"curies":[{"name":"wp","href":"https:\/\/api.w.org\/{rel}","templated":true}]}}