{"id":11022,"date":"2025-10-07T06:07:01","date_gmt":"2025-10-07T06:07:01","guid":{"rendered":"https:\/\/vskrumbach.ac.at\/wordpress\/?page_id=11022"},"modified":"2025-10-07T06:10:53","modified_gmt":"2025-10-07T06:10:53","slug":"erntedank-in-der-klasse","status":"publish","type":"page","link":"https:\/\/vskrumbach.ac.at\/wordpress\/?page_id=11022","title":{"rendered":"Erntedank in der Klasse"},"content":{"rendered":"\n<figure class=\"wp-block-gallery has-nested-images columns-default is-cropped wp-block-gallery-1 is-layout-flex wp-block-gallery-is-layout-flex\">\n<figure class=\"wp-block-image size-large\"><img loading=\"lazy\" decoding=\"async\" width=\"397\" height=\"600\" data-id=\"11023\" src=\"https:\/\/vskrumbach.ac.at\/wordpress\/wp-content\/uploads\/2025\/10\/Erntedank1-397x600.jpeg\" alt=\"\" class=\"wp-image-11023\" srcset=\"https:\/\/vskrumbach.ac.at\/wordpress\/wp-content\/uploads\/2025\/10\/Erntedank1-397x600.jpeg 397w, https:\/\/vskrumbach.ac.at\/wordpress\/wp-content\/uploads\/2025\/10\/Erntedank1-132x200.jpeg 132w, https:\/\/vskrumbach.ac.at\/wordpress\/wp-content\/uploads\/2025\/10\/Erntedank1-768x1160.jpeg 768w, https:\/\/vskrumbach.ac.at\/wordpress\/wp-content\/uploads\/2025\/10\/Erntedank1-1017x1536.jpeg 1017w, https:\/\/vskrumbach.ac.at\/wordpress\/wp-content\/uploads\/2025\/10\/Erntedank1.jpeg 1356w\" sizes=\"auto, (max-width: 397px) 100vw, 397px\" \/><\/figure>\n\n\n\n<figure class=\"wp-block-image size-large\"><img loading=\"lazy\" decoding=\"async\" width=\"600\" height=\"521\" data-id=\"11024\" src=\"https:\/\/vskrumbach.ac.at\/wordpress\/wp-content\/uploads\/2025\/10\/Erntedank2-600x521.jpeg\" alt=\"\" class=\"wp-image-11024\" srcset=\"https:\/\/vskrumbach.ac.at\/wordpress\/wp-content\/uploads\/2025\/10\/Erntedank2-600x521.jpeg 600w, https:\/\/vskrumbach.ac.at\/wordpress\/wp-content\/uploads\/2025\/10\/Erntedank2-200x174.jpeg 200w, https:\/\/vskrumbach.ac.at\/wordpress\/wp-content\/uploads\/2025\/10\/Erntedank2-768x667.jpeg 768w, https:\/\/vskrumbach.ac.at\/wordpress\/wp-content\/uploads\/2025\/10\/Erntedank2.jpeg 1188w\" sizes=\"auto, (max-width: 600px) 100vw, 600px\" \/><\/figure>\n<\/figure>\n\n\n\n<p class=\"has-text-align-center\"><mark style=\"background-color:rgba(0, 0, 0, 0)\" class=\"has-inline-color has-vivid-red-color\"><strong>Danke, merci, thank you, Lord! Bei einer kleinen Erntefeier bedankt sich die 2. Klasse bei Gott f\u00fcr die Sch\u00e4tze dieser Erde!!<\/strong><\/mark><\/p>\n\n\n\n<p><a href=\"https:\/\/vskrumbach.ac.at\/wordpress\/?page_id=10906\">Zur\u00fcck zur Galerie<\/a><\/p>\n","protected":false},"excerpt":{"rendered":"<p>Danke, merci, thank you, Lord! Bei einer kleinen Erntefeier bedankt sich die 2. Klasse bei Gott f\u00fcr die Sch\u00e4tze dieser Erde!! Zur\u00fcck zur Galerie<\/p>\n","protected":false},"author":1,"featured_media":0,"parent":0,"menu_order":0,"comment_status":"closed","ping_status":"closed","template":"","meta":{"footnotes":"","_links_to":"","_links_to_target":""},"class_list":["post-11022","page","type-page","status-publish","hentry"],"_links":{"self":[{"href":"https:\/\/vskrumbach.ac.at\/wordpress\/index.php?rest_route=\/wp\/v2\/pages\/11022","targetHints":{"allow":["GET"]}}],"collection":[{"href":"https:\/\/vskrumbach.ac.at\/wordpress\/index.php?rest_route=\/wp\/v2\/pages"}],"about":[{"href":"https:\/\/vskrumbach.ac.at\/wordpress\/index.php?rest_route=\/wp\/v2\/types\/page"}],"author":[{"embeddable":true,"href":"https:\/\/vskrumbach.ac.at\/wordpress\/index.php?rest_route=\/wp\/v2\/users\/1"}],"replies":[{"embeddable":true,"href":"https:\/\/vskrumbach.ac.at\/wordpress\/index.php?rest_route=%2Fwp%2Fv2%2Fcomments&post=11022"}],"version-history":[{"count":2,"href":"https:\/\/vskrumbach.ac.at\/wordpress\/index.php?rest_route=\/wp\/v2\/pages\/11022\/revisions"}],"predecessor-version":[{"id":11027,"href":"https:\/\/vskrumbach.ac.at\/wordpress\/index.php?rest_route=\/wp\/v2\/pages\/11022\/revisions\/11027"}],"wp:attachment":[{"href":"https:\/\/vskrumbach.ac.at\/wordpress\/index.php?rest_route=%2Fwp%2Fv2%2Fmedia&parent=11022"}],"curies":[{"name":"wp","href":"https:\/\/api.w.org\/{rel}","templated":true}]}}