{"id":11040,"date":"2025-10-10T06:10:21","date_gmt":"2025-10-10T06:10:21","guid":{"rendered":"https:\/\/vskrumbach.ac.at\/wordpress\/?page_id=11040"},"modified":"2025-10-14T07:01:40","modified_gmt":"2025-10-14T07:01:40","slug":"englisch-und-entspannen","status":"publish","type":"page","link":"https:\/\/vskrumbach.ac.at\/wordpress\/?page_id=11040","title":{"rendered":"Englisch und Entspannen"},"content":{"rendered":"\n<figure class=\"wp-block-gallery has-nested-images columns-2 is-cropped wp-block-gallery-1 is-layout-flex wp-block-gallery-is-layout-flex\">\n<figure class=\"wp-block-image size-large\"><a href=\"https:\/\/vskrumbach.ac.at\/wordpress\/wp-content\/uploads\/2025\/10\/Wald1.jpeg\"><img loading=\"lazy\" decoding=\"async\" width=\"600\" height=\"450\" data-id=\"11041\" src=\"https:\/\/vskrumbach.ac.at\/wordpress\/wp-content\/uploads\/2025\/10\/Wald1-600x450.jpeg\" alt=\"\" class=\"wp-image-11041\" srcset=\"https:\/\/vskrumbach.ac.at\/wordpress\/wp-content\/uploads\/2025\/10\/Wald1-600x450.jpeg 600w, https:\/\/vskrumbach.ac.at\/wordpress\/wp-content\/uploads\/2025\/10\/Wald1-200x150.jpeg 200w, https:\/\/vskrumbach.ac.at\/wordpress\/wp-content\/uploads\/2025\/10\/Wald1-768x576.jpeg 768w, https:\/\/vskrumbach.ac.at\/wordpress\/wp-content\/uploads\/2025\/10\/Wald1-1536x1152.jpeg 1536w, https:\/\/vskrumbach.ac.at\/wordpress\/wp-content\/uploads\/2025\/10\/Wald1.jpeg 2040w\" sizes=\"auto, (max-width: 600px) 100vw, 600px\" \/><\/a><\/figure>\n\n\n\n<figure class=\"wp-block-image size-large\"><a href=\"https:\/\/vskrumbach.ac.at\/wordpress\/wp-content\/uploads\/2025\/10\/Sonnetanken.jpeg\"><img loading=\"lazy\" decoding=\"async\" width=\"600\" height=\"450\" data-id=\"11044\" src=\"https:\/\/vskrumbach.ac.at\/wordpress\/wp-content\/uploads\/2025\/10\/Sonnetanken-600x450.jpeg\" alt=\"\" class=\"wp-image-11044\" srcset=\"https:\/\/vskrumbach.ac.at\/wordpress\/wp-content\/uploads\/2025\/10\/Sonnetanken-600x450.jpeg 600w, https:\/\/vskrumbach.ac.at\/wordpress\/wp-content\/uploads\/2025\/10\/Sonnetanken-200x150.jpeg 200w, https:\/\/vskrumbach.ac.at\/wordpress\/wp-content\/uploads\/2025\/10\/Sonnetanken-768x576.jpeg 768w, https:\/\/vskrumbach.ac.at\/wordpress\/wp-content\/uploads\/2025\/10\/Sonnetanken-1536x1152.jpeg 1536w, https:\/\/vskrumbach.ac.at\/wordpress\/wp-content\/uploads\/2025\/10\/Sonnetanken.jpeg 2016w\" sizes=\"auto, (max-width: 600px) 100vw, 600px\" \/><\/a><\/figure>\n\n\n\n<figure class=\"wp-block-image size-large\"><a href=\"https:\/\/vskrumbach.ac.at\/wordpress\/wp-content\/uploads\/2025\/10\/Wald2.jpeg\"><img loading=\"lazy\" decoding=\"async\" width=\"600\" height=\"450\" data-id=\"11042\" src=\"https:\/\/vskrumbach.ac.at\/wordpress\/wp-content\/uploads\/2025\/10\/Wald2-600x450.jpeg\" alt=\"\" class=\"wp-image-11042\" srcset=\"https:\/\/vskrumbach.ac.at\/wordpress\/wp-content\/uploads\/2025\/10\/Wald2-600x450.jpeg 600w, https:\/\/vskrumbach.ac.at\/wordpress\/wp-content\/uploads\/2025\/10\/Wald2-200x150.jpeg 200w, https:\/\/vskrumbach.ac.at\/wordpress\/wp-content\/uploads\/2025\/10\/Wald2-768x576.jpeg 768w, https:\/\/vskrumbach.ac.at\/wordpress\/wp-content\/uploads\/2025\/10\/Wald2-1536x1152.jpeg 1536w, https:\/\/vskrumbach.ac.at\/wordpress\/wp-content\/uploads\/2025\/10\/Wald2.jpeg 2040w\" sizes=\"auto, (max-width: 600px) 100vw, 600px\" \/><\/a><\/figure>\n\n\n\n<figure class=\"wp-block-image size-large\"><a href=\"https:\/\/vskrumbach.ac.at\/wordpress\/wp-content\/uploads\/2025\/10\/Wald3.jpeg\"><img loading=\"lazy\" decoding=\"async\" width=\"600\" height=\"450\" data-id=\"11043\" src=\"https:\/\/vskrumbach.ac.at\/wordpress\/wp-content\/uploads\/2025\/10\/Wald3-600x450.jpeg\" alt=\"\" class=\"wp-image-11043\" srcset=\"https:\/\/vskrumbach.ac.at\/wordpress\/wp-content\/uploads\/2025\/10\/Wald3-600x450.jpeg 600w, https:\/\/vskrumbach.ac.at\/wordpress\/wp-content\/uploads\/2025\/10\/Wald3-200x150.jpeg 200w, https:\/\/vskrumbach.ac.at\/wordpress\/wp-content\/uploads\/2025\/10\/Wald3-768x576.jpeg 768w, https:\/\/vskrumbach.ac.at\/wordpress\/wp-content\/uploads\/2025\/10\/Wald3-1536x1152.jpeg 1536w, https:\/\/vskrumbach.ac.at\/wordpress\/wp-content\/uploads\/2025\/10\/Wald3.jpeg 2040w\" sizes=\"auto, (max-width: 600px) 100vw, 600px\" \/><\/a><\/figure>\n<\/figure>\n\n\n\n<p class=\"has-text-align-center has-light-green-cyan-color has-text-color has-link-color wp-elements-245c686e2b0d9cdc736f0c8eb7f35cc6\"><strong>F\u00fcr ihre Englisch- und Entspannungseinheiten gingen die Kinder der unverbindlichen \u00dcbung bei wunderbarem Herbstwetter in den Wald. Unter anderem wurden Herbst\/ Sonnenmeditationen, Yoga\u00fcbungen und Spiele zu passenden englischen Vokabeln durchgef\u00fchrt.<\/strong><\/p>\n\n\n\n<p><a href=\"https:\/\/vskrumbach.ac.at\/wordpress\/?page_id=10906\">Zur\u00fcck zur Galerie<\/a><\/p>\n","protected":false},"excerpt":{"rendered":"<p>F\u00fcr ihre Englisch- und Entspannungseinheiten gingen die Kinder der unverbindlichen \u00dcbung bei wunderbarem Herbstwetter in den Wald. Unter anderem wurden Herbst\/ Sonnenmeditationen, Yoga\u00fcbungen und Spiele zu passenden englischen Vokabeln durchgef\u00fchrt. Zur\u00fcck zur Galerie<\/p>\n","protected":false},"author":1,"featured_media":0,"parent":0,"menu_order":0,"comment_status":"closed","ping_status":"closed","template":"","meta":{"footnotes":"","_links_to":"","_links_to_target":""},"class_list":["post-11040","page","type-page","status-publish","hentry"],"_links":{"self":[{"href":"https:\/\/vskrumbach.ac.at\/wordpress\/index.php?rest_route=\/wp\/v2\/pages\/11040","targetHints":{"allow":["GET"]}}],"collection":[{"href":"https:\/\/vskrumbach.ac.at\/wordpress\/index.php?rest_route=\/wp\/v2\/pages"}],"about":[{"href":"https:\/\/vskrumbach.ac.at\/wordpress\/index.php?rest_route=\/wp\/v2\/types\/page"}],"author":[{"embeddable":true,"href":"https:\/\/vskrumbach.ac.at\/wordpress\/index.php?rest_route=\/wp\/v2\/users\/1"}],"replies":[{"embeddable":true,"href":"https:\/\/vskrumbach.ac.at\/wordpress\/index.php?rest_route=%2Fwp%2Fv2%2Fcomments&post=11040"}],"version-history":[{"count":3,"href":"https:\/\/vskrumbach.ac.at\/wordpress\/index.php?rest_route=\/wp\/v2\/pages\/11040\/revisions"}],"predecessor-version":[{"id":11062,"href":"https:\/\/vskrumbach.ac.at\/wordpress\/index.php?rest_route=\/wp\/v2\/pages\/11040\/revisions\/11062"}],"wp:attachment":[{"href":"https:\/\/vskrumbach.ac.at\/wordpress\/index.php?rest_route=%2Fwp%2Fv2%2Fmedia&parent=11040"}],"curies":[{"name":"wp","href":"https:\/\/api.w.org\/{rel}","templated":true}]}}