{"id":11052,"date":"2025-10-14T06:08:12","date_gmt":"2025-10-14T06:08:12","guid":{"rendered":"https:\/\/vskrumbach.ac.at\/wordpress\/?page_id=11052"},"modified":"2025-11-11T08:06:29","modified_gmt":"2025-11-11T08:06:29","slug":"wir-sagen-danke","status":"publish","type":"page","link":"https:\/\/vskrumbach.ac.at\/wordpress\/?page_id=11052","title":{"rendered":"Wir sagen Danke!"},"content":{"rendered":"\n<figure class=\"wp-block-gallery has-nested-images columns-default is-cropped wp-block-gallery-1 is-layout-flex wp-block-gallery-is-layout-flex\">\n<figure class=\"wp-block-image size-large\"><a href=\"https:\/\/vskrumbach.ac.at\/wordpress\/wp-content\/uploads\/2025\/10\/WhatsApp-Image-2025-10-08-at-11.57.31.jpeg\"><img loading=\"lazy\" decoding=\"async\" width=\"600\" height=\"493\" data-id=\"11053\" src=\"https:\/\/vskrumbach.ac.at\/wordpress\/wp-content\/uploads\/2025\/10\/WhatsApp-Image-2025-10-08-at-11.57.31-600x493.jpeg\" alt=\"\" class=\"wp-image-11053\" srcset=\"https:\/\/vskrumbach.ac.at\/wordpress\/wp-content\/uploads\/2025\/10\/WhatsApp-Image-2025-10-08-at-11.57.31-600x493.jpeg 600w, https:\/\/vskrumbach.ac.at\/wordpress\/wp-content\/uploads\/2025\/10\/WhatsApp-Image-2025-10-08-at-11.57.31-200x164.jpeg 200w, https:\/\/vskrumbach.ac.at\/wordpress\/wp-content\/uploads\/2025\/10\/WhatsApp-Image-2025-10-08-at-11.57.31-768x632.jpeg 768w, https:\/\/vskrumbach.ac.at\/wordpress\/wp-content\/uploads\/2025\/10\/WhatsApp-Image-2025-10-08-at-11.57.31.jpeg 1188w\" sizes=\"auto, (max-width: 600px) 100vw, 600px\" \/><\/a><\/figure>\n\n\n\n<figure class=\"wp-block-image size-large\"><a href=\"https:\/\/vskrumbach.ac.at\/wordpress\/wp-content\/uploads\/2025\/10\/WhatsApp-Image-2025-10-08-at-11.57.32.jpeg\"><img loading=\"lazy\" decoding=\"async\" width=\"600\" height=\"452\" data-id=\"11054\" src=\"https:\/\/vskrumbach.ac.at\/wordpress\/wp-content\/uploads\/2025\/10\/WhatsApp-Image-2025-10-08-at-11.57.32-600x452.jpeg\" alt=\"\" class=\"wp-image-11054\" srcset=\"https:\/\/vskrumbach.ac.at\/wordpress\/wp-content\/uploads\/2025\/10\/WhatsApp-Image-2025-10-08-at-11.57.32-600x452.jpeg 600w, https:\/\/vskrumbach.ac.at\/wordpress\/wp-content\/uploads\/2025\/10\/WhatsApp-Image-2025-10-08-at-11.57.32-200x151.jpeg 200w, https:\/\/vskrumbach.ac.at\/wordpress\/wp-content\/uploads\/2025\/10\/WhatsApp-Image-2025-10-08-at-11.57.32-768x578.jpeg 768w, https:\/\/vskrumbach.ac.at\/wordpress\/wp-content\/uploads\/2025\/10\/WhatsApp-Image-2025-10-08-at-11.57.32-1536x1156.jpeg 1536w, https:\/\/vskrumbach.ac.at\/wordpress\/wp-content\/uploads\/2025\/10\/WhatsApp-Image-2025-10-08-at-11.57.32.jpeg 2017w\" sizes=\"auto, (max-width: 600px) 100vw, 600px\" \/><\/a><\/figure>\n<\/figure>\n\n\n\n<p class=\"has-text-align-center\"><strong><mark style=\"background-color:rgba(0, 0, 0, 0)\" class=\"has-inline-color has-pale-pink-color\">Die Sch\u00fclerinnen und Sch\u00fcler der 3. Klassen bedankten sich herzlich bei den Firmen und Betrieben im Ort. Viele Menschen arbeiten dort tagt\u00e4glich mit, damit wir alle ein sch\u00f6nes und gutes Leben haben. Mit kleinen Gesten und lieben Worten zeigten die Kinder ihre Wertsch\u00e4tzung f\u00fcr die wichtige Arbeit in unserer Gemeinschaft.<\/mark><\/strong><\/p>\n\n\n\n<p><a href=\"https:\/\/vskrumbach.ac.at\/wordpress\/?page_id=10906\">Zur\u00fcck zur Galerie<\/a><\/p>\n","protected":false},"excerpt":{"rendered":"<p>Die Sch\u00fclerinnen und Sch\u00fcler der 3. Klassen bedankten sich herzlich bei den Firmen und Betrieben im Ort. Viele Menschen arbeiten dort tagt\u00e4glich mit, damit wir alle ein sch\u00f6nes und gutes Leben haben. Mit kleinen Gesten und lieben Worten zeigten die Kinder ihre Wertsch\u00e4tzung f\u00fcr die wichtige Arbeit in unserer Gemeinschaft. Zur\u00fcck zur Galerie<\/p>\n","protected":false},"author":1,"featured_media":0,"parent":0,"menu_order":0,"comment_status":"closed","ping_status":"closed","template":"","meta":{"footnotes":"","_links_to":"","_links_to_target":""},"class_list":["post-11052","page","type-page","status-publish","hentry"],"_links":{"self":[{"href":"https:\/\/vskrumbach.ac.at\/wordpress\/index.php?rest_route=\/wp\/v2\/pages\/11052","targetHints":{"allow":["GET"]}}],"collection":[{"href":"https:\/\/vskrumbach.ac.at\/wordpress\/index.php?rest_route=\/wp\/v2\/pages"}],"about":[{"href":"https:\/\/vskrumbach.ac.at\/wordpress\/index.php?rest_route=\/wp\/v2\/types\/page"}],"author":[{"embeddable":true,"href":"https:\/\/vskrumbach.ac.at\/wordpress\/index.php?rest_route=\/wp\/v2\/users\/1"}],"replies":[{"embeddable":true,"href":"https:\/\/vskrumbach.ac.at\/wordpress\/index.php?rest_route=%2Fwp%2Fv2%2Fcomments&post=11052"}],"version-history":[{"count":5,"href":"https:\/\/vskrumbach.ac.at\/wordpress\/index.php?rest_route=\/wp\/v2\/pages\/11052\/revisions"}],"predecessor-version":[{"id":11123,"href":"https:\/\/vskrumbach.ac.at\/wordpress\/index.php?rest_route=\/wp\/v2\/pages\/11052\/revisions\/11123"}],"wp:attachment":[{"href":"https:\/\/vskrumbach.ac.at\/wordpress\/index.php?rest_route=%2Fwp%2Fv2%2Fmedia&parent=11052"}],"curies":[{"name":"wp","href":"https:\/\/api.w.org\/{rel}","templated":true}]}}