{"id":11098,"date":"2025-11-07T07:39:09","date_gmt":"2025-11-07T07:39:09","guid":{"rendered":"http:\/\/vskrumbach.ac.at\/wordpress\/?page_id=11098"},"modified":"2025-11-11T08:07:25","modified_gmt":"2025-11-11T08:07:25","slug":"fit-und-fun-im-sprungart","status":"publish","type":"page","link":"https:\/\/vskrumbach.ac.at\/wordpress\/?page_id=11098","title":{"rendered":"Fit und Fun im Sprungart"},"content":{"rendered":"\n<figure class=\"wp-block-gallery has-nested-images columns-default is-cropped wp-block-gallery-1 is-layout-flex wp-block-gallery-is-layout-flex\">\n<figure class=\"wp-block-image size-large\"><a href=\"http:\/\/vskrumbach.ac.at\/wordpress\/wp-content\/uploads\/2025\/11\/Sprungart2-600x450.jpeg\"><img loading=\"lazy\" decoding=\"async\" width=\"600\" height=\"450\" data-id=\"11100\" src=\"http:\/\/vskrumbach.ac.at\/wordpress\/wp-content\/uploads\/2025\/11\/Sprungart2-600x450.jpeg\" alt=\"\" class=\"wp-image-11100\" srcset=\"https:\/\/vskrumbach.ac.at\/wordpress\/wp-content\/uploads\/2025\/11\/Sprungart2-600x450.jpeg 600w, https:\/\/vskrumbach.ac.at\/wordpress\/wp-content\/uploads\/2025\/11\/Sprungart2-200x150.jpeg 200w, https:\/\/vskrumbach.ac.at\/wordpress\/wp-content\/uploads\/2025\/11\/Sprungart2-768x576.jpeg 768w, https:\/\/vskrumbach.ac.at\/wordpress\/wp-content\/uploads\/2025\/11\/Sprungart2-1536x1152.jpeg 1536w, https:\/\/vskrumbach.ac.at\/wordpress\/wp-content\/uploads\/2025\/11\/Sprungart2.jpeg 2040w\" sizes=\"auto, (max-width: 600px) 100vw, 600px\" \/><\/a><\/figure>\n\n\n\n<figure class=\"wp-block-image size-large\"><a href=\"https:\/\/vskrumbach.ac.at\/wordpress\/wp-content\/uploads\/2025\/11\/Sprungart3.jpeg\"><img loading=\"lazy\" decoding=\"async\" width=\"600\" height=\"255\" data-id=\"11099\" src=\"http:\/\/vskrumbach.ac.at\/wordpress\/wp-content\/uploads\/2025\/11\/Sprungart3-600x255.jpeg\" alt=\"\" class=\"wp-image-11099\" srcset=\"https:\/\/vskrumbach.ac.at\/wordpress\/wp-content\/uploads\/2025\/11\/Sprungart3-600x255.jpeg 600w, https:\/\/vskrumbach.ac.at\/wordpress\/wp-content\/uploads\/2025\/11\/Sprungart3-200x85.jpeg 200w, https:\/\/vskrumbach.ac.at\/wordpress\/wp-content\/uploads\/2025\/11\/Sprungart3-768x326.jpeg 768w, https:\/\/vskrumbach.ac.at\/wordpress\/wp-content\/uploads\/2025\/11\/Sprungart3-1536x652.jpeg 1536w, https:\/\/vskrumbach.ac.at\/wordpress\/wp-content\/uploads\/2025\/11\/Sprungart3.jpeg 1668w\" sizes=\"auto, (max-width: 600px) 100vw, 600px\" \/><\/a><\/figure>\n<\/figure>\n\n\n\n<p class=\"has-text-align-center has-vivid-red-color has-text-color has-link-color wp-elements-2a0e93c147797ccd4295e52c64f0afd9\"><strong>Mit der unverbindlichen \u00dcbung <em>Fit und Fun <\/em>ging es nach Steinabr\u00fcckl ins Sprungart. Dort konnten sich die Kinder ordentlich austoben.<\/strong><\/p>\n\n\n\n<p><a href=\"https:\/\/vskrumbach.ac.at\/wordpress\/?page_id=10906\">Zur\u00fcck zur Galerie<\/a><\/p>\n","protected":false},"excerpt":{"rendered":"<p>Mit der unverbindlichen \u00dcbung Fit und Fun ging es nach Steinabr\u00fcckl ins Sprungart. Dort konnten sich die Kinder ordentlich austoben. Zur\u00fcck zur Galerie<\/p>\n","protected":false},"author":1,"featured_media":0,"parent":0,"menu_order":0,"comment_status":"closed","ping_status":"closed","template":"","meta":{"footnotes":"","_links_to":"","_links_to_target":""},"class_list":["post-11098","page","type-page","status-publish","hentry"],"_links":{"self":[{"href":"https:\/\/vskrumbach.ac.at\/wordpress\/index.php?rest_route=\/wp\/v2\/pages\/11098","targetHints":{"allow":["GET"]}}],"collection":[{"href":"https:\/\/vskrumbach.ac.at\/wordpress\/index.php?rest_route=\/wp\/v2\/pages"}],"about":[{"href":"https:\/\/vskrumbach.ac.at\/wordpress\/index.php?rest_route=\/wp\/v2\/types\/page"}],"author":[{"embeddable":true,"href":"https:\/\/vskrumbach.ac.at\/wordpress\/index.php?rest_route=\/wp\/v2\/users\/1"}],"replies":[{"embeddable":true,"href":"https:\/\/vskrumbach.ac.at\/wordpress\/index.php?rest_route=%2Fwp%2Fv2%2Fcomments&post=11098"}],"version-history":[{"count":3,"href":"https:\/\/vskrumbach.ac.at\/wordpress\/index.php?rest_route=\/wp\/v2\/pages\/11098\/revisions"}],"predecessor-version":[{"id":11126,"href":"https:\/\/vskrumbach.ac.at\/wordpress\/index.php?rest_route=\/wp\/v2\/pages\/11098\/revisions\/11126"}],"wp:attachment":[{"href":"https:\/\/vskrumbach.ac.at\/wordpress\/index.php?rest_route=%2Fwp%2Fv2%2Fmedia&parent=11098"}],"curies":[{"name":"wp","href":"https:\/\/api.w.org\/{rel}","templated":true}]}}