{"id":11115,"date":"2025-11-07T09:42:21","date_gmt":"2025-11-07T09:42:21","guid":{"rendered":"https:\/\/vskrumbach.ac.at\/wordpress\/?page_id=11115"},"modified":"2025-12-09T08:32:00","modified_gmt":"2025-12-09T08:32:00","slug":"fabelhaft","status":"publish","type":"page","link":"https:\/\/vskrumbach.ac.at\/wordpress\/?page_id=11115","title":{"rendered":"Fabelhaft"},"content":{"rendered":"\n<figure class=\"wp-block-gallery has-nested-images columns-default is-cropped wp-block-gallery-1 is-layout-flex wp-block-gallery-is-layout-flex\">\n<figure class=\"wp-block-image size-large\"><a href=\"https:\/\/vskrumbach.ac.at\/wordpress\/wp-content\/uploads\/2025\/11\/Fabelhaft1.jpeg\"><img loading=\"lazy\" decoding=\"async\" width=\"600\" height=\"450\" data-id=\"11116\" src=\"https:\/\/vskrumbach.ac.at\/wordpress\/wp-content\/uploads\/2025\/11\/Fabelhaft1-600x450.jpeg\" alt=\"\" class=\"wp-image-11116\" srcset=\"https:\/\/vskrumbach.ac.at\/wordpress\/wp-content\/uploads\/2025\/11\/Fabelhaft1-600x450.jpeg 600w, https:\/\/vskrumbach.ac.at\/wordpress\/wp-content\/uploads\/2025\/11\/Fabelhaft1-200x150.jpeg 200w, https:\/\/vskrumbach.ac.at\/wordpress\/wp-content\/uploads\/2025\/11\/Fabelhaft1-768x576.jpeg 768w, https:\/\/vskrumbach.ac.at\/wordpress\/wp-content\/uploads\/2025\/11\/Fabelhaft1-1536x1152.jpeg 1536w, https:\/\/vskrumbach.ac.at\/wordpress\/wp-content\/uploads\/2025\/11\/Fabelhaft1.jpeg 2016w\" sizes=\"auto, (max-width: 600px) 100vw, 600px\" \/><\/a><\/figure>\n\n\n\n<figure class=\"wp-block-image size-large\"><a href=\"https:\/\/vskrumbach.ac.at\/wordpress\/wp-content\/uploads\/2025\/11\/Fabelhaft2.jpeg\"><img loading=\"lazy\" decoding=\"async\" width=\"450\" height=\"600\" data-id=\"11117\" src=\"https:\/\/vskrumbach.ac.at\/wordpress\/wp-content\/uploads\/2025\/11\/Fabelhaft2-450x600.jpeg\" alt=\"\" class=\"wp-image-11117\" srcset=\"https:\/\/vskrumbach.ac.at\/wordpress\/wp-content\/uploads\/2025\/11\/Fabelhaft2-450x600.jpeg 450w, https:\/\/vskrumbach.ac.at\/wordpress\/wp-content\/uploads\/2025\/11\/Fabelhaft2-150x200.jpeg 150w, https:\/\/vskrumbach.ac.at\/wordpress\/wp-content\/uploads\/2025\/11\/Fabelhaft2-768x1024.jpeg 768w, https:\/\/vskrumbach.ac.at\/wordpress\/wp-content\/uploads\/2025\/11\/Fabelhaft2-1152x1536.jpeg 1152w, https:\/\/vskrumbach.ac.at\/wordpress\/wp-content\/uploads\/2025\/11\/Fabelhaft2.jpeg 1512w\" sizes=\"auto, (max-width: 450px) 100vw, 450px\" \/><\/a><\/figure>\n\n\n\n<figure class=\"wp-block-image size-large\"><a href=\"https:\/\/vskrumbach.ac.at\/wordpress\/wp-content\/uploads\/2025\/11\/Fbelhaft3.jpeg\"><img loading=\"lazy\" decoding=\"async\" width=\"450\" height=\"600\" data-id=\"11118\" src=\"https:\/\/vskrumbach.ac.at\/wordpress\/wp-content\/uploads\/2025\/11\/Fbelhaft3-450x600.jpeg\" alt=\"\" class=\"wp-image-11118\" srcset=\"https:\/\/vskrumbach.ac.at\/wordpress\/wp-content\/uploads\/2025\/11\/Fbelhaft3-450x600.jpeg 450w, https:\/\/vskrumbach.ac.at\/wordpress\/wp-content\/uploads\/2025\/11\/Fbelhaft3-150x200.jpeg 150w, https:\/\/vskrumbach.ac.at\/wordpress\/wp-content\/uploads\/2025\/11\/Fbelhaft3-768x1024.jpeg 768w, https:\/\/vskrumbach.ac.at\/wordpress\/wp-content\/uploads\/2025\/11\/Fbelhaft3-1152x1536.jpeg 1152w, https:\/\/vskrumbach.ac.at\/wordpress\/wp-content\/uploads\/2025\/11\/Fbelhaft3.jpeg 1512w\" sizes=\"auto, (max-width: 450px) 100vw, 450px\" \/><\/a><\/figure>\n<\/figure>\n\n\n\n<p class=\"has-text-align-center has-vivid-cyan-blue-color has-text-color has-link-color wp-elements-cb49eadf0b3759584fdc9dd56f6bf37b\"><strong>Wir freuen uns sehr, dass wir am 38. Storytelling Festival im Sconarium in Bad Sch\u00f6nau teilnehmen durften. Geschichten haben die Kraft, Augen zum Leuchten zu bringen. Es ist die Magie der Erz\u00e4hlkunst, die das Allt\u00e4gliche vergessen l\u00e4sst und zum Tr\u00e4umen einl\u00e4dt.&nbsp; Vielen Dank f\u00fcr die tolle Show, wir freuen uns bereits jetzt auf das n\u00e4chste Mal.<\/strong><\/p>\n\n\n\n<p><a href=\"https:\/\/vskrumbach.ac.at\/wordpress\/?page_id=10906\">Zur\u00fcck zur Galerie<\/a><\/p>\n","protected":false},"excerpt":{"rendered":"<p>Wir freuen uns sehr, dass wir am 38. Storytelling Festival im Sconarium in Bad Sch\u00f6nau teilnehmen durften. Geschichten haben die Kraft, Augen zum Leuchten zu bringen. Es ist die Magie der Erz\u00e4hlkunst, die das Allt\u00e4gliche vergessen l\u00e4sst und zum Tr\u00e4umen einl\u00e4dt.&nbsp; Vielen Dank f\u00fcr die tolle Show, wir freuen uns bereits jetzt auf das n\u00e4chste [&hellip;]<\/p>\n","protected":false},"author":1,"featured_media":0,"parent":0,"menu_order":0,"comment_status":"closed","ping_status":"closed","template":"","meta":{"footnotes":"","_links_to":"","_links_to_target":""},"class_list":["post-11115","page","type-page","status-publish","hentry"],"_links":{"self":[{"href":"https:\/\/vskrumbach.ac.at\/wordpress\/index.php?rest_route=\/wp\/v2\/pages\/11115","targetHints":{"allow":["GET"]}}],"collection":[{"href":"https:\/\/vskrumbach.ac.at\/wordpress\/index.php?rest_route=\/wp\/v2\/pages"}],"about":[{"href":"https:\/\/vskrumbach.ac.at\/wordpress\/index.php?rest_route=\/wp\/v2\/types\/page"}],"author":[{"embeddable":true,"href":"https:\/\/vskrumbach.ac.at\/wordpress\/index.php?rest_route=\/wp\/v2\/users\/1"}],"replies":[{"embeddable":true,"href":"https:\/\/vskrumbach.ac.at\/wordpress\/index.php?rest_route=%2Fwp%2Fv2%2Fcomments&post=11115"}],"version-history":[{"count":2,"href":"https:\/\/vskrumbach.ac.at\/wordpress\/index.php?rest_route=\/wp\/v2\/pages\/11115\/revisions"}],"predecessor-version":[{"id":11124,"href":"https:\/\/vskrumbach.ac.at\/wordpress\/index.php?rest_route=\/wp\/v2\/pages\/11115\/revisions\/11124"}],"wp:attachment":[{"href":"https:\/\/vskrumbach.ac.at\/wordpress\/index.php?rest_route=%2Fwp%2Fv2%2Fmedia&parent=11115"}],"curies":[{"name":"wp","href":"https:\/\/api.w.org\/{rel}","templated":true}]}}