{"id":11151,"date":"2025-12-09T08:29:02","date_gmt":"2025-12-09T08:29:02","guid":{"rendered":"http:\/\/vskrumbach.ac.at\/wordpress\/?page_id=11151"},"modified":"2025-12-09T08:32:13","modified_gmt":"2025-12-09T08:32:13","slug":"in-der-weihnachtsbaeckerei","status":"publish","type":"page","link":"https:\/\/vskrumbach.ac.at\/wordpress\/?page_id=11151","title":{"rendered":"In der Weihnachtsb\u00e4ckerei"},"content":{"rendered":"\n<figure class=\"wp-block-gallery has-nested-images columns-default is-cropped wp-block-gallery-1 is-layout-flex wp-block-gallery-is-layout-flex\">\n<figure class=\"wp-block-image size-large\"><a href=\"http:\/\/vskrumbach.ac.at\/wordpress\/wp-content\/uploads\/2025\/12\/Kekse1.jpeg\"><img loading=\"lazy\" decoding=\"async\" width=\"600\" height=\"450\" data-id=\"11152\" src=\"http:\/\/vskrumbach.ac.at\/wordpress\/wp-content\/uploads\/2025\/12\/Kekse1-600x450.jpeg\" alt=\"\" class=\"wp-image-11152\" srcset=\"https:\/\/vskrumbach.ac.at\/wordpress\/wp-content\/uploads\/2025\/12\/Kekse1-600x450.jpeg 600w, https:\/\/vskrumbach.ac.at\/wordpress\/wp-content\/uploads\/2025\/12\/Kekse1-200x150.jpeg 200w, https:\/\/vskrumbach.ac.at\/wordpress\/wp-content\/uploads\/2025\/12\/Kekse1-768x576.jpeg 768w, https:\/\/vskrumbach.ac.at\/wordpress\/wp-content\/uploads\/2025\/12\/Kekse1-1536x1152.jpeg 1536w, https:\/\/vskrumbach.ac.at\/wordpress\/wp-content\/uploads\/2025\/12\/Kekse1.jpeg 1600w\" sizes=\"auto, (max-width: 600px) 100vw, 600px\" \/><\/a><\/figure>\n\n\n\n<figure class=\"wp-block-image size-large\"><a href=\"http:\/\/vskrumbach.ac.at\/wordpress\/wp-content\/uploads\/2025\/12\/Kekse2.jpeg\"><img loading=\"lazy\" decoding=\"async\" width=\"600\" height=\"450\" data-id=\"11154\" src=\"http:\/\/vskrumbach.ac.at\/wordpress\/wp-content\/uploads\/2025\/12\/Kekse2-600x450.jpeg\" alt=\"\" class=\"wp-image-11154\" srcset=\"https:\/\/vskrumbach.ac.at\/wordpress\/wp-content\/uploads\/2025\/12\/Kekse2-600x450.jpeg 600w, https:\/\/vskrumbach.ac.at\/wordpress\/wp-content\/uploads\/2025\/12\/Kekse2-200x150.jpeg 200w, https:\/\/vskrumbach.ac.at\/wordpress\/wp-content\/uploads\/2025\/12\/Kekse2-768x576.jpeg 768w, https:\/\/vskrumbach.ac.at\/wordpress\/wp-content\/uploads\/2025\/12\/Kekse2-1536x1152.jpeg 1536w, https:\/\/vskrumbach.ac.at\/wordpress\/wp-content\/uploads\/2025\/12\/Kekse2.jpeg 2040w\" sizes=\"auto, (max-width: 600px) 100vw, 600px\" \/><\/a><\/figure>\n\n\n\n<figure class=\"wp-block-image size-large\"><a href=\"http:\/\/vskrumbach.ac.at\/wordpress\/wp-content\/uploads\/2025\/12\/Kekse3.jpeg\"><img loading=\"lazy\" decoding=\"async\" width=\"600\" height=\"450\" data-id=\"11153\" src=\"http:\/\/vskrumbach.ac.at\/wordpress\/wp-content\/uploads\/2025\/12\/Kekse3-600x450.jpeg\" alt=\"\" class=\"wp-image-11153\" srcset=\"https:\/\/vskrumbach.ac.at\/wordpress\/wp-content\/uploads\/2025\/12\/Kekse3-600x450.jpeg 600w, https:\/\/vskrumbach.ac.at\/wordpress\/wp-content\/uploads\/2025\/12\/Kekse3-200x150.jpeg 200w, https:\/\/vskrumbach.ac.at\/wordpress\/wp-content\/uploads\/2025\/12\/Kekse3-768x576.jpeg 768w, https:\/\/vskrumbach.ac.at\/wordpress\/wp-content\/uploads\/2025\/12\/Kekse3-1536x1152.jpeg 1536w, https:\/\/vskrumbach.ac.at\/wordpress\/wp-content\/uploads\/2025\/12\/Kekse3.jpeg 2040w\" sizes=\"auto, (max-width: 600px) 100vw, 600px\" \/><\/a><\/figure>\n<\/figure>\n\n\n\n<p class=\"has-text-align-center has-vivid-red-color has-text-color has-link-color wp-elements-cab2b79e014f142681b0e16ab7bbf8d9\"><strong>&#8230;.gibt&#8217;s so manche Leckerei. Die 3A war flei\u00dfig und hat in der K\u00fcche der N\u00d6MS Vanillekipferl und Lebkuchen gezaubert. <\/strong><\/p>\n\n\n\n<p><a href=\"https:\/\/vskrumbach.ac.at\/wordpress\/?page_id=10906\">Zur\u00fcck zur Galerie<\/a><\/p>\n","protected":false},"excerpt":{"rendered":"<p>&#8230;.gibt&#8217;s so manche Leckerei. Die 3A war flei\u00dfig und hat in der K\u00fcche der N\u00d6MS Vanillekipferl und Lebkuchen gezaubert. Zur\u00fcck zur Galerie<\/p>\n","protected":false},"author":1,"featured_media":0,"parent":0,"menu_order":0,"comment_status":"closed","ping_status":"closed","template":"","meta":{"footnotes":"","_links_to":"","_links_to_target":""},"class_list":["post-11151","page","type-page","status-publish","hentry"],"_links":{"self":[{"href":"https:\/\/vskrumbach.ac.at\/wordpress\/index.php?rest_route=\/wp\/v2\/pages\/11151","targetHints":{"allow":["GET"]}}],"collection":[{"href":"https:\/\/vskrumbach.ac.at\/wordpress\/index.php?rest_route=\/wp\/v2\/pages"}],"about":[{"href":"https:\/\/vskrumbach.ac.at\/wordpress\/index.php?rest_route=\/wp\/v2\/types\/page"}],"author":[{"embeddable":true,"href":"https:\/\/vskrumbach.ac.at\/wordpress\/index.php?rest_route=\/wp\/v2\/users\/1"}],"replies":[{"embeddable":true,"href":"https:\/\/vskrumbach.ac.at\/wordpress\/index.php?rest_route=%2Fwp%2Fv2%2Fcomments&post=11151"}],"version-history":[{"count":2,"href":"https:\/\/vskrumbach.ac.at\/wordpress\/index.php?rest_route=\/wp\/v2\/pages\/11151\/revisions"}],"predecessor-version":[{"id":11162,"href":"https:\/\/vskrumbach.ac.at\/wordpress\/index.php?rest_route=\/wp\/v2\/pages\/11151\/revisions\/11162"}],"wp:attachment":[{"href":"https:\/\/vskrumbach.ac.at\/wordpress\/index.php?rest_route=%2Fwp%2Fv2%2Fmedia&parent=11151"}],"curies":[{"name":"wp","href":"https:\/\/api.w.org\/{rel}","templated":true}]}}