{"id":11176,"date":"2025-12-17T07:47:35","date_gmt":"2025-12-17T07:47:35","guid":{"rendered":"http:\/\/vskrumbach.ac.at\/wordpress\/?page_id=11176"},"modified":"2026-02-18T08:18:29","modified_gmt":"2026-02-18T08:18:29","slug":"besuch-im-kindergarten","status":"publish","type":"page","link":"https:\/\/vskrumbach.ac.at\/wordpress\/?page_id=11176","title":{"rendered":"Besuch im Kindergarten"},"content":{"rendered":"<div class=\"wp-block-image\">\n<figure class=\"aligncenter size-large\"><a href=\"http:\/\/vskrumbach.ac.at\/wordpress\/wp-content\/uploads\/2025\/12\/Kindergartenbesuch.jpeg\"><img loading=\"lazy\" decoding=\"async\" width=\"600\" height=\"600\" src=\"http:\/\/vskrumbach.ac.at\/wordpress\/wp-content\/uploads\/2025\/12\/Kindergartenbesuch-600x600.jpeg\" alt=\"\" class=\"wp-image-11177\" srcset=\"https:\/\/vskrumbach.ac.at\/wordpress\/wp-content\/uploads\/2025\/12\/Kindergartenbesuch-600x600.jpeg 600w, https:\/\/vskrumbach.ac.at\/wordpress\/wp-content\/uploads\/2025\/12\/Kindergartenbesuch-200x200.jpeg 200w, https:\/\/vskrumbach.ac.at\/wordpress\/wp-content\/uploads\/2025\/12\/Kindergartenbesuch-100x100.jpeg 100w, https:\/\/vskrumbach.ac.at\/wordpress\/wp-content\/uploads\/2025\/12\/Kindergartenbesuch-768x768.jpeg 768w, https:\/\/vskrumbach.ac.at\/wordpress\/wp-content\/uploads\/2025\/12\/Kindergartenbesuch-1536x1536.jpeg 1536w, https:\/\/vskrumbach.ac.at\/wordpress\/wp-content\/uploads\/2025\/12\/Kindergartenbesuch.jpeg 2048w\" sizes=\"auto, (max-width: 600px) 100vw, 600px\" \/><\/a><\/figure><\/div>\n\n\n<p class=\"has-text-align-center has-vivid-cyan-blue-color has-text-color has-link-color wp-elements-6bc800a033d53c6f35acd9051107a951\"><strong>Die 4. Klasse besucht am 16.12. die Kinder im Kindergarten, um dort vorzulesen. F\u00fcr alle Beteiligten war es eine sch\u00f6ne Zeit: Die Kinder h\u00f6rten aufmerksam zu, lachten \u00fcber die Geschichten und genossen die besondere Atmosph\u00e4re. Das Vorlesen schuf einen ruhigen, fr\u00f6hlichen Moment, an den man sich gerne erinnert.<\/strong><\/p>\n\n\n\n<p><a href=\"https:\/\/vskrumbach.ac.at\/wordpress\/?page_id=10906\">Zur\u00fcck zur Galerie<\/a><\/p>\n","protected":false},"excerpt":{"rendered":"<p>Die 4. Klasse besucht am 16.12. die Kinder im Kindergarten, um dort vorzulesen. F\u00fcr alle Beteiligten war es eine sch\u00f6ne Zeit: Die Kinder h\u00f6rten aufmerksam zu, lachten \u00fcber die Geschichten und genossen die besondere Atmosph\u00e4re. Das Vorlesen schuf einen ruhigen, fr\u00f6hlichen Moment, an den man sich gerne erinnert. Zur\u00fcck zur Galerie<\/p>\n","protected":false},"author":1,"featured_media":0,"parent":0,"menu_order":0,"comment_status":"closed","ping_status":"closed","template":"","meta":{"footnotes":"","_links_to":"","_links_to_target":""},"class_list":["post-11176","page","type-page","status-publish","hentry"],"_links":{"self":[{"href":"https:\/\/vskrumbach.ac.at\/wordpress\/index.php?rest_route=\/wp\/v2\/pages\/11176","targetHints":{"allow":["GET"]}}],"collection":[{"href":"https:\/\/vskrumbach.ac.at\/wordpress\/index.php?rest_route=\/wp\/v2\/pages"}],"about":[{"href":"https:\/\/vskrumbach.ac.at\/wordpress\/index.php?rest_route=\/wp\/v2\/types\/page"}],"author":[{"embeddable":true,"href":"https:\/\/vskrumbach.ac.at\/wordpress\/index.php?rest_route=\/wp\/v2\/users\/1"}],"replies":[{"embeddable":true,"href":"https:\/\/vskrumbach.ac.at\/wordpress\/index.php?rest_route=%2Fwp%2Fv2%2Fcomments&post=11176"}],"version-history":[{"count":2,"href":"https:\/\/vskrumbach.ac.at\/wordpress\/index.php?rest_route=\/wp\/v2\/pages\/11176\/revisions"}],"predecessor-version":[{"id":11247,"href":"https:\/\/vskrumbach.ac.at\/wordpress\/index.php?rest_route=\/wp\/v2\/pages\/11176\/revisions\/11247"}],"wp:attachment":[{"href":"https:\/\/vskrumbach.ac.at\/wordpress\/index.php?rest_route=%2Fwp%2Fv2%2Fmedia&parent=11176"}],"curies":[{"name":"wp","href":"https:\/\/api.w.org\/{rel}","templated":true}]}}