{"id":11229,"date":"2026-02-18T07:43:39","date_gmt":"2026-02-18T07:43:39","guid":{"rendered":"http:\/\/vskrumbach.ac.at\/wordpress\/?page_id=11229"},"modified":"2026-02-18T08:17:39","modified_gmt":"2026-02-18T08:17:39","slug":"faschingdienstag","status":"publish","type":"page","link":"https:\/\/vskrumbach.ac.at\/wordpress\/?page_id=11229","title":{"rendered":"Faschingdienstag"},"content":{"rendered":"\n<figure class=\"wp-block-gallery has-nested-images columns-default is-cropped wp-block-gallery-1 is-layout-flex wp-block-gallery-is-layout-flex\">\n<figure class=\"wp-block-image size-large\"><img loading=\"lazy\" decoding=\"async\" width=\"600\" height=\"450\" data-id=\"11230\" src=\"http:\/\/vskrumbach.ac.at\/wordpress\/wp-content\/uploads\/2026\/02\/Fasching1-600x450.jpeg\" alt=\"\" class=\"wp-image-11230\" srcset=\"https:\/\/vskrumbach.ac.at\/wordpress\/wp-content\/uploads\/2026\/02\/Fasching1-600x450.jpeg 600w, https:\/\/vskrumbach.ac.at\/wordpress\/wp-content\/uploads\/2026\/02\/Fasching1-200x150.jpeg 200w, https:\/\/vskrumbach.ac.at\/wordpress\/wp-content\/uploads\/2026\/02\/Fasching1-768x576.jpeg 768w, https:\/\/vskrumbach.ac.at\/wordpress\/wp-content\/uploads\/2026\/02\/Fasching1-1536x1152.jpeg 1536w, https:\/\/vskrumbach.ac.at\/wordpress\/wp-content\/uploads\/2026\/02\/Fasching1.jpeg 2040w\" sizes=\"auto, (max-width: 600px) 100vw, 600px\" \/><\/figure>\n\n\n\n<figure class=\"wp-block-image size-large\"><img loading=\"lazy\" decoding=\"async\" width=\"600\" height=\"450\" data-id=\"11231\" src=\"http:\/\/vskrumbach.ac.at\/wordpress\/wp-content\/uploads\/2026\/02\/Fasching2-600x450.jpeg\" alt=\"\" class=\"wp-image-11231\" srcset=\"https:\/\/vskrumbach.ac.at\/wordpress\/wp-content\/uploads\/2026\/02\/Fasching2-600x450.jpeg 600w, https:\/\/vskrumbach.ac.at\/wordpress\/wp-content\/uploads\/2026\/02\/Fasching2-200x150.jpeg 200w, https:\/\/vskrumbach.ac.at\/wordpress\/wp-content\/uploads\/2026\/02\/Fasching2-768x576.jpeg 768w, https:\/\/vskrumbach.ac.at\/wordpress\/wp-content\/uploads\/2026\/02\/Fasching2-1536x1152.jpeg 1536w, https:\/\/vskrumbach.ac.at\/wordpress\/wp-content\/uploads\/2026\/02\/Fasching2.jpeg 2000w\" sizes=\"auto, (max-width: 600px) 100vw, 600px\" \/><\/figure>\n<\/figure>\n\n\n\n<p class=\"has-text-align-center has-vivid-cyan-blue-color has-text-color has-link-color wp-elements-af2cab793c6e0f70e77ec08691457b75\"><strong>Am Faschingdienstag wurde in der Volksschule Krumbach ausgelassen gefeiert. Schon am Morgen kamen die Kinder in bunten und fantasievollen Kost\u00fcmen in die Schule \u2013 von Prinzessinnen und Superhelden bis hin zu lustigen Tieren war alles dabei. Ein besonderes Highlight war die gro\u00dfz\u00fcgige Krapfenspende der Gemeinde. VIELEN DANK daf\u00fcr!<\/strong><\/p>\n\n\n\n<p class=\"has-text-align-center has-vivid-cyan-blue-color has-text-color has-link-color wp-elements-436f93dd9d79dcc05ebacf9a0eafdb63\"><strong>Mit viel Spa\u00df, Spiel und Tanz wurde anschlie\u00dfend in den Klassen und im Turnsaal gefeiert. Bei fr\u00f6hlicher Musik wurde getanzt, gelacht und gemeinsam eine unvergessliche Faschingsfeier erlebt.<\/strong><\/p>\n\n\n\n<p><a href=\"https:\/\/vskrumbach.ac.at\/wordpress\/?page_id=10906\">Zur\u00fcck zur Galerie<\/a><\/p>\n","protected":false},"excerpt":{"rendered":"<p>Am Faschingdienstag wurde in der Volksschule Krumbach ausgelassen gefeiert. Schon am Morgen kamen die Kinder in bunten und fantasievollen Kost\u00fcmen in die Schule \u2013 von Prinzessinnen und Superhelden bis hin zu lustigen Tieren war alles dabei. Ein besonderes Highlight war die gro\u00dfz\u00fcgige Krapfenspende der Gemeinde. VIELEN DANK daf\u00fcr! Mit viel Spa\u00df, Spiel und Tanz wurde [&hellip;]<\/p>\n","protected":false},"author":1,"featured_media":0,"parent":0,"menu_order":0,"comment_status":"closed","ping_status":"closed","template":"","meta":{"footnotes":"","_links_to":"","_links_to_target":""},"class_list":["post-11229","page","type-page","status-publish","hentry"],"_links":{"self":[{"href":"https:\/\/vskrumbach.ac.at\/wordpress\/index.php?rest_route=\/wp\/v2\/pages\/11229","targetHints":{"allow":["GET"]}}],"collection":[{"href":"https:\/\/vskrumbach.ac.at\/wordpress\/index.php?rest_route=\/wp\/v2\/pages"}],"about":[{"href":"https:\/\/vskrumbach.ac.at\/wordpress\/index.php?rest_route=\/wp\/v2\/types\/page"}],"author":[{"embeddable":true,"href":"https:\/\/vskrumbach.ac.at\/wordpress\/index.php?rest_route=\/wp\/v2\/users\/1"}],"replies":[{"embeddable":true,"href":"https:\/\/vskrumbach.ac.at\/wordpress\/index.php?rest_route=%2Fwp%2Fv2%2Fcomments&post=11229"}],"version-history":[{"count":2,"href":"https:\/\/vskrumbach.ac.at\/wordpress\/index.php?rest_route=\/wp\/v2\/pages\/11229\/revisions"}],"predecessor-version":[{"id":11244,"href":"https:\/\/vskrumbach.ac.at\/wordpress\/index.php?rest_route=\/wp\/v2\/pages\/11229\/revisions\/11244"}],"wp:attachment":[{"href":"https:\/\/vskrumbach.ac.at\/wordpress\/index.php?rest_route=%2Fwp%2Fv2%2Fmedia&parent=11229"}],"curies":[{"name":"wp","href":"https:\/\/api.w.org\/{rel}","templated":true}]}}