{"id":11248,"date":"2026-02-18T08:45:25","date_gmt":"2026-02-18T08:45:25","guid":{"rendered":"https:\/\/vskrumbach.ac.at\/wordpress\/?page_id=11248"},"modified":"2026-02-18T08:47:00","modified_gmt":"2026-02-18T08:47:00","slug":"flossen-weg","status":"publish","type":"page","link":"https:\/\/vskrumbach.ac.at\/wordpress\/?page_id=11248","title":{"rendered":"Flossen weg!"},"content":{"rendered":"<div class=\"wp-block-image\">\n<figure class=\"aligncenter size-large\"><a href=\"https:\/\/vskrumbach.ac.at\/wordpress\/wp-content\/uploads\/2026\/02\/FlossenWEG.jpeg\"><img loading=\"lazy\" decoding=\"async\" width=\"450\" height=\"600\" src=\"https:\/\/vskrumbach.ac.at\/wordpress\/wp-content\/uploads\/2026\/02\/FlossenWEG-450x600.jpeg\" alt=\"\" class=\"wp-image-11249\" srcset=\"https:\/\/vskrumbach.ac.at\/wordpress\/wp-content\/uploads\/2026\/02\/FlossenWEG-450x600.jpeg 450w, https:\/\/vskrumbach.ac.at\/wordpress\/wp-content\/uploads\/2026\/02\/FlossenWEG-150x200.jpeg 150w, https:\/\/vskrumbach.ac.at\/wordpress\/wp-content\/uploads\/2026\/02\/FlossenWEG-768x1024.jpeg 768w, https:\/\/vskrumbach.ac.at\/wordpress\/wp-content\/uploads\/2026\/02\/FlossenWEG-1152x1536.jpeg 1152w, https:\/\/vskrumbach.ac.at\/wordpress\/wp-content\/uploads\/2026\/02\/FlossenWEG.jpeg 1536w\" sizes=\"auto, (max-width: 450px) 100vw, 450px\" \/><\/a><\/figure><\/div>\n\n\n<p class=\"has-text-align-center has-vivid-red-color has-text-color has-link-color wp-elements-b905c4c37d542c6bb093699c7d89cedd\"><strong>Durch eine Initiative von Soroptimist Club Wiener Neustadt wurden unserer 1. Klasse ein tolles Buch mit dem Titel &#8222;Flossen weg&#8220; zur Verf\u00fcgung gestellt. <\/strong><\/p>\n\n\n\n<p class=\"has-text-align-center has-vivid-red-color has-text-color has-link-color wp-elements-0e47ff23a2fc5e08176e2816644d640a\"><strong>Das Buch soll Kindern im Alter von f\u00fcnf bis acht Jahren helfen, ein Bewusstsein f\u00fcr \u00fcbergriffiges Verhalten zu entwickeln. Das Buch hilft den Kindern, zwischen guten und schlechten Gef\u00fchlen zu unterscheiden und auf ihre Empfindungen zu vertrauen. Mithilfe von Bildern und eines Malbuches wollen die Autoren vermitteln, dass der eigene K\u00f6rper nur den Kindern selbst geh\u00f6rt und sie sich vor Grenz\u00fcberschreitungen sch\u00fctzen d\u00fcrfen.<\/strong><\/p>\n\n\n\n<p><a href=\"https:\/\/vskrumbach.ac.at\/wordpress\/?page_id=10906\">Zur\u00fcck zur Galerie<\/a><\/p>\n","protected":false},"excerpt":{"rendered":"<p>Durch eine Initiative von Soroptimist Club Wiener Neustadt wurden unserer 1. Klasse ein tolles Buch mit dem Titel &#8222;Flossen weg&#8220; zur Verf\u00fcgung gestellt. Das Buch soll Kindern im Alter von f\u00fcnf bis acht Jahren helfen, ein Bewusstsein f\u00fcr \u00fcbergriffiges Verhalten zu entwickeln. Das Buch hilft den Kindern, zwischen guten und schlechten Gef\u00fchlen zu unterscheiden und [&hellip;]<\/p>\n","protected":false},"author":1,"featured_media":0,"parent":0,"menu_order":0,"comment_status":"closed","ping_status":"closed","template":"","meta":{"footnotes":"","_links_to":"","_links_to_target":""},"class_list":["post-11248","page","type-page","status-publish","hentry"],"_links":{"self":[{"href":"https:\/\/vskrumbach.ac.at\/wordpress\/index.php?rest_route=\/wp\/v2\/pages\/11248","targetHints":{"allow":["GET"]}}],"collection":[{"href":"https:\/\/vskrumbach.ac.at\/wordpress\/index.php?rest_route=\/wp\/v2\/pages"}],"about":[{"href":"https:\/\/vskrumbach.ac.at\/wordpress\/index.php?rest_route=\/wp\/v2\/types\/page"}],"author":[{"embeddable":true,"href":"https:\/\/vskrumbach.ac.at\/wordpress\/index.php?rest_route=\/wp\/v2\/users\/1"}],"replies":[{"embeddable":true,"href":"https:\/\/vskrumbach.ac.at\/wordpress\/index.php?rest_route=%2Fwp%2Fv2%2Fcomments&post=11248"}],"version-history":[{"count":2,"href":"https:\/\/vskrumbach.ac.at\/wordpress\/index.php?rest_route=\/wp\/v2\/pages\/11248\/revisions"}],"predecessor-version":[{"id":11252,"href":"https:\/\/vskrumbach.ac.at\/wordpress\/index.php?rest_route=\/wp\/v2\/pages\/11248\/revisions\/11252"}],"wp:attachment":[{"href":"https:\/\/vskrumbach.ac.at\/wordpress\/index.php?rest_route=%2Fwp%2Fv2%2Fmedia&parent=11248"}],"curies":[{"name":"wp","href":"https:\/\/api.w.org\/{rel}","templated":true}]}}