{"id":11253,"date":"2026-02-25T07:51:55","date_gmt":"2026-02-25T07:51:55","guid":{"rendered":"http:\/\/vskrumbach.ac.at\/wordpress\/?page_id=11253"},"modified":"2026-02-25T07:55:51","modified_gmt":"2026-02-25T07:55:51","slug":"schwimmwoche-der-3-klassen","status":"publish","type":"page","link":"https:\/\/vskrumbach.ac.at\/wordpress\/?page_id=11253","title":{"rendered":"Schwimmwoche der 3. Klassen"},"content":{"rendered":"<div class=\"wp-block-image\">\n<figure class=\"aligncenter size-large\"><a href=\"https:\/\/vskrumbach.ac.at\/wordpress\/wp-content\/uploads\/2026\/02\/Schwimmwoche2-1.jpeg\"><img loading=\"lazy\" decoding=\"async\" width=\"600\" height=\"450\" src=\"http:\/\/vskrumbach.ac.at\/wordpress\/wp-content\/uploads\/2026\/02\/Schwimmwoche2-1-600x450.jpeg\" alt=\"\" class=\"wp-image-11257\" srcset=\"https:\/\/vskrumbach.ac.at\/wordpress\/wp-content\/uploads\/2026\/02\/Schwimmwoche2-1-600x450.jpeg 600w, https:\/\/vskrumbach.ac.at\/wordpress\/wp-content\/uploads\/2026\/02\/Schwimmwoche2-1-200x150.jpeg 200w, https:\/\/vskrumbach.ac.at\/wordpress\/wp-content\/uploads\/2026\/02\/Schwimmwoche2-1-768x576.jpeg 768w, https:\/\/vskrumbach.ac.at\/wordpress\/wp-content\/uploads\/2026\/02\/Schwimmwoche2-1-1536x1152.jpeg 1536w, https:\/\/vskrumbach.ac.at\/wordpress\/wp-content\/uploads\/2026\/02\/Schwimmwoche2-1.jpeg 2040w\" sizes=\"auto, (max-width: 600px) 100vw, 600px\" \/><\/a><\/figure><\/div>\n\n\n<figure class=\"wp-block-gallery has-nested-images columns-default is-cropped wp-block-gallery-1 is-layout-flex wp-block-gallery-is-layout-flex\">\n<figure class=\"wp-block-image size-large\"><a href=\"http:\/\/vskrumbach.ac.at\/wordpress\/wp-content\/uploads\/2026\/02\/Schimmwoche1.jpeg\"><img loading=\"lazy\" decoding=\"async\" width=\"600\" height=\"450\" data-id=\"11254\" src=\"http:\/\/vskrumbach.ac.at\/wordpress\/wp-content\/uploads\/2026\/02\/Schimmwoche1-600x450.jpeg\" alt=\"\" class=\"wp-image-11254\" srcset=\"https:\/\/vskrumbach.ac.at\/wordpress\/wp-content\/uploads\/2026\/02\/Schimmwoche1-600x450.jpeg 600w, https:\/\/vskrumbach.ac.at\/wordpress\/wp-content\/uploads\/2026\/02\/Schimmwoche1-200x150.jpeg 200w, https:\/\/vskrumbach.ac.at\/wordpress\/wp-content\/uploads\/2026\/02\/Schimmwoche1-768x576.jpeg 768w, https:\/\/vskrumbach.ac.at\/wordpress\/wp-content\/uploads\/2026\/02\/Schimmwoche1-1536x1152.jpeg 1536w, https:\/\/vskrumbach.ac.at\/wordpress\/wp-content\/uploads\/2026\/02\/Schimmwoche1.jpeg 1600w\" sizes=\"auto, (max-width: 600px) 100vw, 600px\" \/><\/a><\/figure>\n\n\n\n<figure class=\"wp-block-image size-full\"><a href=\"http:\/\/vskrumbach.ac.at\/wordpress\/wp-content\/uploads\/2026\/02\/Schwimmwoche3.jpeg\"><img loading=\"lazy\" decoding=\"async\" width=\"2040\" height=\"1530\" data-id=\"11255\" src=\"http:\/\/vskrumbach.ac.at\/wordpress\/wp-content\/uploads\/2026\/02\/Schwimmwoche3.jpeg\" alt=\"\" class=\"wp-image-11255\" srcset=\"https:\/\/vskrumbach.ac.at\/wordpress\/wp-content\/uploads\/2026\/02\/Schwimmwoche3.jpeg 2040w, https:\/\/vskrumbach.ac.at\/wordpress\/wp-content\/uploads\/2026\/02\/Schwimmwoche3-200x150.jpeg 200w, https:\/\/vskrumbach.ac.at\/wordpress\/wp-content\/uploads\/2026\/02\/Schwimmwoche3-600x450.jpeg 600w, https:\/\/vskrumbach.ac.at\/wordpress\/wp-content\/uploads\/2026\/02\/Schwimmwoche3-768x576.jpeg 768w, https:\/\/vskrumbach.ac.at\/wordpress\/wp-content\/uploads\/2026\/02\/Schwimmwoche3-1536x1152.jpeg 1536w\" sizes=\"auto, (max-width: 2040px) 100vw, 2040px\" \/><\/a><\/figure>\n<\/figure>\n\n\n\n<p><\/p>\n\n\n\n<p class=\"has-text-align-center has-vivid-cyan-blue-color has-text-color has-link-color wp-elements-a976672409a89ad729520c52067780f6\"><strong>Traditionellerweise fand auch heuer wieder der Schwimmkurs der 3. Klassen in Pinkafeld statt. Mit gro\u00dfer Begeisterung nahmen die Sch\u00fclerinnen und Sch\u00fcler daran teil und nutzten die Gelegenheit, ihre Schwimmkenntnisse gezielt zu vertiefen und weiterzuentwickeln.<\/strong><\/p>\n\n\n\n<p class=\"has-text-align-center has-vivid-cyan-blue-color has-text-color has-link-color wp-elements-f2a40e5dd8e77326ccbb54e5f975d93f\"><strong>Im Laufe der Woche arbeiteten die Kinder intensiv an ihrer Technik, verbesserten ihre Ausdauer und gewannen zunehmend an Sicherheit im Wasser. Dabei standen nicht nur das Erlernen und Festigen verschiedener Schwimmstile im Mittelpunkt, sondern auch der Spa\u00df an der Bewegung. Nat\u00fcrlich bestand auch heuer wieder die M\u00f6glichkeit, das eigene K\u00f6nnen unter Beweis zu stellen und Schwimmabzeichen zu erwerben. Die Kinder meisterten diese Herausforderung mit gro\u00dfem Erfolg und durften stolz ihre Abzeichen entgegennehmen.<\/strong><\/p>\n\n\n\n<p><a href=\"https:\/\/vskrumbach.ac.at\/wordpress\/?page_id=10906\">Zur\u00fcck zur Galerie<\/a><\/p>\n","protected":false},"excerpt":{"rendered":"<p>Traditionellerweise fand auch heuer wieder der Schwimmkurs der 3. Klassen in Pinkafeld statt. Mit gro\u00dfer Begeisterung nahmen die Sch\u00fclerinnen und Sch\u00fcler daran teil und nutzten die Gelegenheit, ihre Schwimmkenntnisse gezielt zu vertiefen und weiterzuentwickeln. Im Laufe der Woche arbeiteten die Kinder intensiv an ihrer Technik, verbesserten ihre Ausdauer und gewannen zunehmend an Sicherheit im Wasser. [&hellip;]<\/p>\n","protected":false},"author":1,"featured_media":0,"parent":0,"menu_order":0,"comment_status":"closed","ping_status":"closed","template":"","meta":{"footnotes":"","_links_to":"","_links_to_target":""},"class_list":["post-11253","page","type-page","status-publish","hentry"],"_links":{"self":[{"href":"https:\/\/vskrumbach.ac.at\/wordpress\/index.php?rest_route=\/wp\/v2\/pages\/11253","targetHints":{"allow":["GET"]}}],"collection":[{"href":"https:\/\/vskrumbach.ac.at\/wordpress\/index.php?rest_route=\/wp\/v2\/pages"}],"about":[{"href":"https:\/\/vskrumbach.ac.at\/wordpress\/index.php?rest_route=\/wp\/v2\/types\/page"}],"author":[{"embeddable":true,"href":"https:\/\/vskrumbach.ac.at\/wordpress\/index.php?rest_route=\/wp\/v2\/users\/1"}],"replies":[{"embeddable":true,"href":"https:\/\/vskrumbach.ac.at\/wordpress\/index.php?rest_route=%2Fwp%2Fv2%2Fcomments&post=11253"}],"version-history":[{"count":2,"href":"https:\/\/vskrumbach.ac.at\/wordpress\/index.php?rest_route=\/wp\/v2\/pages\/11253\/revisions"}],"predecessor-version":[{"id":11260,"href":"https:\/\/vskrumbach.ac.at\/wordpress\/index.php?rest_route=\/wp\/v2\/pages\/11253\/revisions\/11260"}],"wp:attachment":[{"href":"https:\/\/vskrumbach.ac.at\/wordpress\/index.php?rest_route=%2Fwp%2Fv2%2Fmedia&parent=11253"}],"curies":[{"name":"wp","href":"https:\/\/api.w.org\/{rel}","templated":true}]}}