{"id":11269,"date":"2026-03-06T09:27:15","date_gmt":"2026-03-06T09:27:15","guid":{"rendered":"http:\/\/vskrumbach.ac.at\/wordpress\/?page_id=11269"},"modified":"2026-03-06T09:29:06","modified_gmt":"2026-03-06T09:29:06","slug":"blick-und-klick","status":"publish","type":"page","link":"https:\/\/vskrumbach.ac.at\/wordpress\/?page_id=11269","title":{"rendered":"Blick und Klick"},"content":{"rendered":"\n<figure class=\"wp-block-gallery has-nested-images columns-default is-cropped wp-block-gallery-1 is-layout-flex wp-block-gallery-is-layout-flex\">\n<figure class=\"wp-block-image size-large\"><a href=\"https:\/\/vskrumbach.ac.at\/wordpress\/wp-content\/uploads\/2026\/03\/BlickKlick1.jpeg\"><img loading=\"lazy\" decoding=\"async\" width=\"600\" height=\"450\" data-id=\"11271\" src=\"http:\/\/vskrumbach.ac.at\/wordpress\/wp-content\/uploads\/2026\/03\/BlickKlick1-600x450.jpeg\" alt=\"\" class=\"wp-image-11271\" srcset=\"https:\/\/vskrumbach.ac.at\/wordpress\/wp-content\/uploads\/2026\/03\/BlickKlick1-600x450.jpeg 600w, https:\/\/vskrumbach.ac.at\/wordpress\/wp-content\/uploads\/2026\/03\/BlickKlick1-200x150.jpeg 200w, https:\/\/vskrumbach.ac.at\/wordpress\/wp-content\/uploads\/2026\/03\/BlickKlick1-768x576.jpeg 768w, https:\/\/vskrumbach.ac.at\/wordpress\/wp-content\/uploads\/2026\/03\/BlickKlick1-1536x1152.jpeg 1536w, https:\/\/vskrumbach.ac.at\/wordpress\/wp-content\/uploads\/2026\/03\/BlickKlick1.jpeg 2000w\" sizes=\"auto, (max-width: 600px) 100vw, 600px\" \/><\/a><\/figure>\n\n\n\n<figure class=\"wp-block-image size-large\"><a href=\"https:\/\/vskrumbach.ac.at\/wordpress\/wp-content\/uploads\/2026\/03\/BlickKlick2.jpeg\"><img loading=\"lazy\" decoding=\"async\" width=\"600\" height=\"450\" data-id=\"11272\" src=\"http:\/\/vskrumbach.ac.at\/wordpress\/wp-content\/uploads\/2026\/03\/BlickKlick2-600x450.jpeg\" alt=\"\" class=\"wp-image-11272\" srcset=\"https:\/\/vskrumbach.ac.at\/wordpress\/wp-content\/uploads\/2026\/03\/BlickKlick2-600x450.jpeg 600w, https:\/\/vskrumbach.ac.at\/wordpress\/wp-content\/uploads\/2026\/03\/BlickKlick2-200x150.jpeg 200w, https:\/\/vskrumbach.ac.at\/wordpress\/wp-content\/uploads\/2026\/03\/BlickKlick2-768x576.jpeg 768w, https:\/\/vskrumbach.ac.at\/wordpress\/wp-content\/uploads\/2026\/03\/BlickKlick2-1536x1152.jpeg 1536w, https:\/\/vskrumbach.ac.at\/wordpress\/wp-content\/uploads\/2026\/03\/BlickKlick2.jpeg 2048w\" sizes=\"auto, (max-width: 600px) 100vw, 600px\" \/><\/a><\/figure>\n\n\n\n<figure class=\"wp-block-image size-large\"><a href=\"https:\/\/vskrumbach.ac.at\/wordpress\/wp-content\/uploads\/2026\/03\/BlickKlick3.jpeg\"><img loading=\"lazy\" decoding=\"async\" width=\"450\" height=\"600\" data-id=\"11270\" src=\"http:\/\/vskrumbach.ac.at\/wordpress\/wp-content\/uploads\/2026\/03\/BlickKlick3-450x600.jpeg\" alt=\"\" class=\"wp-image-11270\" srcset=\"https:\/\/vskrumbach.ac.at\/wordpress\/wp-content\/uploads\/2026\/03\/BlickKlick3-450x600.jpeg 450w, https:\/\/vskrumbach.ac.at\/wordpress\/wp-content\/uploads\/2026\/03\/BlickKlick3-150x200.jpeg 150w, https:\/\/vskrumbach.ac.at\/wordpress\/wp-content\/uploads\/2026\/03\/BlickKlick3-768x1024.jpeg 768w, https:\/\/vskrumbach.ac.at\/wordpress\/wp-content\/uploads\/2026\/03\/BlickKlick3-1152x1536.jpeg 1152w, https:\/\/vskrumbach.ac.at\/wordpress\/wp-content\/uploads\/2026\/03\/BlickKlick3.jpeg 1500w\" sizes=\"auto, (max-width: 450px) 100vw, 450px\" \/><\/a><\/figure>\n<\/figure>\n\n\n\n<p><\/p>\n\n\n\n<p class=\"has-text-align-center has-luminous-vivid-amber-color has-text-color has-link-color wp-elements-ffd007ff8a02df563c874a1d221caa32\"><strong>\u201eBlick und Klick\u201c steht unter dem Motto \u201eLernen durch Erleben\u201c. Der Turnsaal der Schule wird zu einer Stra\u00dfe umfunktioniert \u2013 mit einem speziellen Elektroauto werden spielerisch Situationen simuliert, die Kinder allt\u00e4glich auf ihrem Schulweg erleben &#8211; ob zu Fu\u00df oder im Auto als Mitfahrer:in.<br><br>Unsere 1. und 2. Klasse durften am 06.03. an dieser tollen Initiative vom \u00d6AMTC teilnehmen. <\/strong><\/p>\n\n\n\n<p><a href=\"https:\/\/vskrumbach.ac.at\/wordpress\/?page_id=10906\">Zur\u00fcck zur Galerie<\/a><\/p>\n","protected":false},"excerpt":{"rendered":"<p>\u201eBlick und Klick\u201c steht unter dem Motto \u201eLernen durch Erleben\u201c. Der Turnsaal der Schule wird zu einer Stra\u00dfe umfunktioniert \u2013 mit einem speziellen Elektroauto werden spielerisch Situationen simuliert, die Kinder allt\u00e4glich auf ihrem Schulweg erleben &#8211; ob zu Fu\u00df oder im Auto als Mitfahrer:in. Unsere 1. und 2. Klasse durften am 06.03. an dieser tollen [&hellip;]<\/p>\n","protected":false},"author":1,"featured_media":0,"parent":0,"menu_order":0,"comment_status":"closed","ping_status":"closed","template":"","meta":{"footnotes":"","_links_to":"","_links_to_target":""},"class_list":["post-11269","page","type-page","status-publish","hentry"],"_links":{"self":[{"href":"https:\/\/vskrumbach.ac.at\/wordpress\/index.php?rest_route=\/wp\/v2\/pages\/11269","targetHints":{"allow":["GET"]}}],"collection":[{"href":"https:\/\/vskrumbach.ac.at\/wordpress\/index.php?rest_route=\/wp\/v2\/pages"}],"about":[{"href":"https:\/\/vskrumbach.ac.at\/wordpress\/index.php?rest_route=\/wp\/v2\/types\/page"}],"author":[{"embeddable":true,"href":"https:\/\/vskrumbach.ac.at\/wordpress\/index.php?rest_route=\/wp\/v2\/users\/1"}],"replies":[{"embeddable":true,"href":"https:\/\/vskrumbach.ac.at\/wordpress\/index.php?rest_route=%2Fwp%2Fv2%2Fcomments&post=11269"}],"version-history":[{"count":2,"href":"https:\/\/vskrumbach.ac.at\/wordpress\/index.php?rest_route=\/wp\/v2\/pages\/11269\/revisions"}],"predecessor-version":[{"id":11275,"href":"https:\/\/vskrumbach.ac.at\/wordpress\/index.php?rest_route=\/wp\/v2\/pages\/11269\/revisions\/11275"}],"wp:attachment":[{"href":"https:\/\/vskrumbach.ac.at\/wordpress\/index.php?rest_route=%2Fwp%2Fv2%2Fmedia&parent=11269"}],"curies":[{"name":"wp","href":"https:\/\/api.w.org\/{rel}","templated":true}]}}