{"id":11279,"date":"2026-03-16T10:05:12","date_gmt":"2026-03-16T10:05:12","guid":{"rendered":"http:\/\/vskrumbach.ac.at\/wordpress\/?page_id=11279"},"modified":"2026-03-16T10:16:47","modified_gmt":"2026-03-16T10:16:47","slug":"kroko-war-da","status":"publish","type":"page","link":"https:\/\/vskrumbach.ac.at\/wordpress\/?page_id=11279","title":{"rendered":"Kroko war da!"},"content":{"rendered":"\n<figure class=\"wp-block-gallery has-nested-images columns-default is-cropped wp-block-gallery-1 is-layout-flex wp-block-gallery-is-layout-flex\">\n<figure class=\"wp-block-image size-large is-style-rounded\"><a href=\"http:\/\/vskrumbach.ac.at\/wordpress\/wp-content\/uploads\/2026\/03\/Kroko2.jpeg\"><img loading=\"lazy\" decoding=\"async\" width=\"600\" height=\"450\" data-id=\"11281\" src=\"http:\/\/vskrumbach.ac.at\/wordpress\/wp-content\/uploads\/2026\/03\/Kroko2-600x450.jpeg\" alt=\"\" class=\"wp-image-11281\" srcset=\"https:\/\/vskrumbach.ac.at\/wordpress\/wp-content\/uploads\/2026\/03\/Kroko2-600x450.jpeg 600w, https:\/\/vskrumbach.ac.at\/wordpress\/wp-content\/uploads\/2026\/03\/Kroko2-200x150.jpeg 200w, https:\/\/vskrumbach.ac.at\/wordpress\/wp-content\/uploads\/2026\/03\/Kroko2-768x576.jpeg 768w, https:\/\/vskrumbach.ac.at\/wordpress\/wp-content\/uploads\/2026\/03\/Kroko2-1536x1152.jpeg 1536w, https:\/\/vskrumbach.ac.at\/wordpress\/wp-content\/uploads\/2026\/03\/Kroko2.jpeg 2000w\" sizes=\"auto, (max-width: 600px) 100vw, 600px\" \/><\/a><\/figure>\n<\/figure>\n\n\n\n<p class=\"has-text-align-center has-vivid-green-cyan-color has-text-color has-link-color wp-elements-ef5c64bc8382123dd243cfb797fb9f47\"><strong>Da Zahngesundheit ein sehr wichtiges Thema ist, wurde 2020 die Initiative Apollonia gestartet. In regelm\u00e4\u00dfigen Abst\u00e4nden besuchen Zahngesundheitserzieherinnen die Schule und vermitteln den Kindern auf spielerische Weise Wissen \u00fcber gesunde Z\u00e4hne und die richtige Zahnpflege. Unterst\u00fctzt werden sie dabei von Kroko, dem fr\u00f6hlichen Krokodil. Kroko zeigt den Kindern anschaulich, wie wichtig gesunde Z\u00e4hne sind, und gemeinsam wird auch das richtige Z\u00e4hneputzen ge\u00fcbt. <\/strong><\/p>\n\n\n\n<p><a href=\"https:\/\/vskrumbach.ac.at\/wordpress\/?page_id=10906\">Zur\u00fcck zur Galerie<\/a><\/p>\n","protected":false},"excerpt":{"rendered":"<p>Da Zahngesundheit ein sehr wichtiges Thema ist, wurde 2020 die Initiative Apollonia gestartet. In regelm\u00e4\u00dfigen Abst\u00e4nden besuchen Zahngesundheitserzieherinnen die Schule und vermitteln den Kindern auf spielerische Weise Wissen \u00fcber gesunde Z\u00e4hne und die richtige Zahnpflege. Unterst\u00fctzt werden sie dabei von Kroko, dem fr\u00f6hlichen Krokodil. Kroko zeigt den Kindern anschaulich, wie wichtig gesunde Z\u00e4hne sind, und [&hellip;]<\/p>\n","protected":false},"author":1,"featured_media":0,"parent":0,"menu_order":0,"comment_status":"closed","ping_status":"closed","template":"","meta":{"footnotes":"","_links_to":"","_links_to_target":""},"class_list":["post-11279","page","type-page","status-publish","hentry"],"_links":{"self":[{"href":"https:\/\/vskrumbach.ac.at\/wordpress\/index.php?rest_route=\/wp\/v2\/pages\/11279","targetHints":{"allow":["GET"]}}],"collection":[{"href":"https:\/\/vskrumbach.ac.at\/wordpress\/index.php?rest_route=\/wp\/v2\/pages"}],"about":[{"href":"https:\/\/vskrumbach.ac.at\/wordpress\/index.php?rest_route=\/wp\/v2\/types\/page"}],"author":[{"embeddable":true,"href":"https:\/\/vskrumbach.ac.at\/wordpress\/index.php?rest_route=\/wp\/v2\/users\/1"}],"replies":[{"embeddable":true,"href":"https:\/\/vskrumbach.ac.at\/wordpress\/index.php?rest_route=%2Fwp%2Fv2%2Fcomments&post=11279"}],"version-history":[{"count":2,"href":"https:\/\/vskrumbach.ac.at\/wordpress\/index.php?rest_route=\/wp\/v2\/pages\/11279\/revisions"}],"predecessor-version":[{"id":11285,"href":"https:\/\/vskrumbach.ac.at\/wordpress\/index.php?rest_route=\/wp\/v2\/pages\/11279\/revisions\/11285"}],"wp:attachment":[{"href":"https:\/\/vskrumbach.ac.at\/wordpress\/index.php?rest_route=%2Fwp%2Fv2%2Fmedia&parent=11279"}],"curies":[{"name":"wp","href":"https:\/\/api.w.org\/{rel}","templated":true}]}}