{"id":11287,"date":"2026-04-08T07:37:50","date_gmt":"2026-04-08T07:37:50","guid":{"rendered":"http:\/\/vskrumbach.ac.at\/wordpress\/?page_id=11287"},"modified":"2026-04-08T07:37:50","modified_gmt":"2026-04-08T07:37:50","slug":"osterjause-der-3b","status":"publish","type":"page","link":"https:\/\/vskrumbach.ac.at\/wordpress\/?page_id=11287","title":{"rendered":"Osterjause der 3B"},"content":{"rendered":"\n<figure class=\"wp-block-gallery has-nested-images columns-default is-cropped wp-block-gallery-1 is-layout-flex wp-block-gallery-is-layout-flex\">\n<figure class=\"wp-block-image size-large\"><a href=\"http:\/\/vskrumbach.ac.at\/wordpress\/wp-content\/uploads\/2026\/04\/Osterjause1.jpeg\"><img loading=\"lazy\" decoding=\"async\" width=\"450\" height=\"600\" data-id=\"11289\" src=\"http:\/\/vskrumbach.ac.at\/wordpress\/wp-content\/uploads\/2026\/04\/Osterjause1-450x600.jpeg\" alt=\"\" class=\"wp-image-11289\" srcset=\"https:\/\/vskrumbach.ac.at\/wordpress\/wp-content\/uploads\/2026\/04\/Osterjause1-450x600.jpeg 450w, https:\/\/vskrumbach.ac.at\/wordpress\/wp-content\/uploads\/2026\/04\/Osterjause1-150x200.jpeg 150w, https:\/\/vskrumbach.ac.at\/wordpress\/wp-content\/uploads\/2026\/04\/Osterjause1-768x1024.jpeg 768w, https:\/\/vskrumbach.ac.at\/wordpress\/wp-content\/uploads\/2026\/04\/Osterjause1-1152x1536.jpeg 1152w, https:\/\/vskrumbach.ac.at\/wordpress\/wp-content\/uploads\/2026\/04\/Osterjause1.jpeg 1200w\" sizes=\"auto, (max-width: 450px) 100vw, 450px\" \/><\/a><\/figure>\n\n\n\n<figure class=\"wp-block-image size-large\"><a href=\"http:\/\/vskrumbach.ac.at\/wordpress\/wp-content\/uploads\/2026\/04\/Osterjause2.jpeg\"><img loading=\"lazy\" decoding=\"async\" width=\"450\" height=\"600\" data-id=\"11290\" src=\"http:\/\/vskrumbach.ac.at\/wordpress\/wp-content\/uploads\/2026\/04\/Osterjause2-450x600.jpeg\" alt=\"\" class=\"wp-image-11290\" srcset=\"https:\/\/vskrumbach.ac.at\/wordpress\/wp-content\/uploads\/2026\/04\/Osterjause2-450x600.jpeg 450w, https:\/\/vskrumbach.ac.at\/wordpress\/wp-content\/uploads\/2026\/04\/Osterjause2-150x200.jpeg 150w, https:\/\/vskrumbach.ac.at\/wordpress\/wp-content\/uploads\/2026\/04\/Osterjause2-768x1024.jpeg 768w, https:\/\/vskrumbach.ac.at\/wordpress\/wp-content\/uploads\/2026\/04\/Osterjause2-1152x1536.jpeg 1152w, https:\/\/vskrumbach.ac.at\/wordpress\/wp-content\/uploads\/2026\/04\/Osterjause2.jpeg 1200w\" sizes=\"auto, (max-width: 450px) 100vw, 450px\" \/><\/a><\/figure>\n\n\n\n<figure class=\"wp-block-image size-large\"><a href=\"http:\/\/vskrumbach.ac.at\/wordpress\/wp-content\/uploads\/2026\/04\/Osterjause3.jpeg\"><img loading=\"lazy\" decoding=\"async\" width=\"450\" height=\"600\" data-id=\"11288\" src=\"http:\/\/vskrumbach.ac.at\/wordpress\/wp-content\/uploads\/2026\/04\/Osterjause3-450x600.jpeg\" alt=\"\" class=\"wp-image-11288\" srcset=\"https:\/\/vskrumbach.ac.at\/wordpress\/wp-content\/uploads\/2026\/04\/Osterjause3-450x600.jpeg 450w, https:\/\/vskrumbach.ac.at\/wordpress\/wp-content\/uploads\/2026\/04\/Osterjause3-150x200.jpeg 150w, https:\/\/vskrumbach.ac.at\/wordpress\/wp-content\/uploads\/2026\/04\/Osterjause3-768x1024.jpeg 768w, https:\/\/vskrumbach.ac.at\/wordpress\/wp-content\/uploads\/2026\/04\/Osterjause3-1152x1536.jpeg 1152w, https:\/\/vskrumbach.ac.at\/wordpress\/wp-content\/uploads\/2026\/04\/Osterjause3.jpeg 1200w\" sizes=\"auto, (max-width: 450px) 100vw, 450px\" \/><\/a><\/figure>\n<\/figure>\n\n\n\n<p class=\"has-text-align-center has-vivid-red-color has-text-color has-link-color wp-elements-c225db0ce43f5246ca97411c58871a35\"><strong>Vor den Osterferien durfte die 3B mit tatkr\u00e4ftiger Unterst\u00fctzung zweier M\u00fctter eine k\u00f6stliche Osterjause zubereiten. Ein besonderes Highlight war die Osterhasen-Pizza, die jedes Kind selbst gestalten und backen durfte. Mit viel Freude und Kreativit\u00e4t entstanden dabei viele leckere Kunstwerke.<\/strong><\/p>\n","protected":false},"excerpt":{"rendered":"<p>Vor den Osterferien durfte die 3B mit tatkr\u00e4ftiger Unterst\u00fctzung zweier M\u00fctter eine k\u00f6stliche Osterjause zubereiten. Ein besonderes Highlight war die Osterhasen-Pizza, die jedes Kind selbst gestalten und backen durfte. Mit viel Freude und Kreativit\u00e4t entstanden dabei viele leckere Kunstwerke.<\/p>\n","protected":false},"author":1,"featured_media":0,"parent":0,"menu_order":0,"comment_status":"closed","ping_status":"closed","template":"","meta":{"footnotes":"","_links_to":"","_links_to_target":""},"class_list":["post-11287","page","type-page","status-publish","hentry"],"_links":{"self":[{"href":"https:\/\/vskrumbach.ac.at\/wordpress\/index.php?rest_route=\/wp\/v2\/pages\/11287","targetHints":{"allow":["GET"]}}],"collection":[{"href":"https:\/\/vskrumbach.ac.at\/wordpress\/index.php?rest_route=\/wp\/v2\/pages"}],"about":[{"href":"https:\/\/vskrumbach.ac.at\/wordpress\/index.php?rest_route=\/wp\/v2\/types\/page"}],"author":[{"embeddable":true,"href":"https:\/\/vskrumbach.ac.at\/wordpress\/index.php?rest_route=\/wp\/v2\/users\/1"}],"replies":[{"embeddable":true,"href":"https:\/\/vskrumbach.ac.at\/wordpress\/index.php?rest_route=%2Fwp%2Fv2%2Fcomments&post=11287"}],"version-history":[{"count":1,"href":"https:\/\/vskrumbach.ac.at\/wordpress\/index.php?rest_route=\/wp\/v2\/pages\/11287\/revisions"}],"predecessor-version":[{"id":11291,"href":"https:\/\/vskrumbach.ac.at\/wordpress\/index.php?rest_route=\/wp\/v2\/pages\/11287\/revisions\/11291"}],"wp:attachment":[{"href":"https:\/\/vskrumbach.ac.at\/wordpress\/index.php?rest_route=%2Fwp%2Fv2%2Fmedia&parent=11287"}],"curies":[{"name":"wp","href":"https:\/\/api.w.org\/{rel}","templated":true}]}}