{"id":11302,"date":"2026-04-14T08:55:16","date_gmt":"2026-04-14T08:55:16","guid":{"rendered":"http:\/\/vskrumbach.ac.at\/wordpress\/?page_id=11302"},"modified":"2026-04-14T08:55:16","modified_gmt":"2026-04-14T08:55:16","slug":"kaenguru-der-mathematik","status":"publish","type":"page","link":"https:\/\/vskrumbach.ac.at\/wordpress\/?page_id=11302","title":{"rendered":"K\u00e4nguru der Mathematik"},"content":{"rendered":"\n<figure class=\"wp-block-gallery has-nested-images columns-default is-cropped wp-block-gallery-1 is-layout-flex wp-block-gallery-is-layout-flex\">\n<figure class=\"wp-block-image size-large\"><a href=\"http:\/\/vskrumbach.ac.at\/wordpress\/wp-content\/uploads\/2026\/04\/1Klasse.jpeg\"><img loading=\"lazy\" decoding=\"async\" width=\"450\" height=\"600\" data-id=\"11303\" src=\"http:\/\/vskrumbach.ac.at\/wordpress\/wp-content\/uploads\/2026\/04\/1Klasse-450x600.jpeg\" alt=\"\" class=\"wp-image-11303\" srcset=\"https:\/\/vskrumbach.ac.at\/wordpress\/wp-content\/uploads\/2026\/04\/1Klasse-450x600.jpeg 450w, https:\/\/vskrumbach.ac.at\/wordpress\/wp-content\/uploads\/2026\/04\/1Klasse-150x200.jpeg 150w, https:\/\/vskrumbach.ac.at\/wordpress\/wp-content\/uploads\/2026\/04\/1Klasse-768x1024.jpeg 768w, https:\/\/vskrumbach.ac.at\/wordpress\/wp-content\/uploads\/2026\/04\/1Klasse-1152x1536.jpeg 1152w, https:\/\/vskrumbach.ac.at\/wordpress\/wp-content\/uploads\/2026\/04\/1Klasse.jpeg 1500w\" sizes=\"auto, (max-width: 450px) 100vw, 450px\" \/><\/a><figcaption class=\"wp-element-caption\">Klassensieger 1. Klasse<\/figcaption><\/figure>\n\n\n\n<figure class=\"wp-block-image size-large\"><a href=\"http:\/\/vskrumbach.ac.at\/wordpress\/wp-content\/uploads\/2026\/04\/2Klasse.jpeg\"><img loading=\"lazy\" decoding=\"async\" width=\"450\" height=\"600\" data-id=\"11305\" src=\"http:\/\/vskrumbach.ac.at\/wordpress\/wp-content\/uploads\/2026\/04\/2Klasse-450x600.jpeg\" alt=\"\" class=\"wp-image-11305\" srcset=\"https:\/\/vskrumbach.ac.at\/wordpress\/wp-content\/uploads\/2026\/04\/2Klasse-450x600.jpeg 450w, https:\/\/vskrumbach.ac.at\/wordpress\/wp-content\/uploads\/2026\/04\/2Klasse-150x200.jpeg 150w, https:\/\/vskrumbach.ac.at\/wordpress\/wp-content\/uploads\/2026\/04\/2Klasse-768x1024.jpeg 768w, https:\/\/vskrumbach.ac.at\/wordpress\/wp-content\/uploads\/2026\/04\/2Klasse-1152x1536.jpeg 1152w, https:\/\/vskrumbach.ac.at\/wordpress\/wp-content\/uploads\/2026\/04\/2Klasse.jpeg 1500w\" sizes=\"auto, (max-width: 450px) 100vw, 450px\" \/><\/a><figcaption class=\"wp-element-caption\">Klassensieger 2. Klasse<\/figcaption><\/figure>\n\n\n\n<figure class=\"wp-block-image size-large\"><a href=\"http:\/\/vskrumbach.ac.at\/wordpress\/wp-content\/uploads\/2026\/04\/3A.jpeg\"><img loading=\"lazy\" decoding=\"async\" width=\"450\" height=\"600\" data-id=\"11304\" src=\"http:\/\/vskrumbach.ac.at\/wordpress\/wp-content\/uploads\/2026\/04\/3A-450x600.jpeg\" alt=\"\" class=\"wp-image-11304\" srcset=\"https:\/\/vskrumbach.ac.at\/wordpress\/wp-content\/uploads\/2026\/04\/3A-450x600.jpeg 450w, https:\/\/vskrumbach.ac.at\/wordpress\/wp-content\/uploads\/2026\/04\/3A-150x200.jpeg 150w, https:\/\/vskrumbach.ac.at\/wordpress\/wp-content\/uploads\/2026\/04\/3A-768x1024.jpeg 768w, https:\/\/vskrumbach.ac.at\/wordpress\/wp-content\/uploads\/2026\/04\/3A-1152x1536.jpeg 1152w, https:\/\/vskrumbach.ac.at\/wordpress\/wp-content\/uploads\/2026\/04\/3A.jpeg 1500w\" sizes=\"auto, (max-width: 450px) 100vw, 450px\" \/><\/a><figcaption class=\"wp-element-caption\">Klassensieger 3A<\/figcaption><\/figure>\n\n\n\n<figure class=\"wp-block-image size-large\"><a href=\"http:\/\/vskrumbach.ac.at\/wordpress\/wp-content\/uploads\/2026\/04\/3B.jpeg\"><img loading=\"lazy\" decoding=\"async\" width=\"450\" height=\"600\" data-id=\"11307\" src=\"http:\/\/vskrumbach.ac.at\/wordpress\/wp-content\/uploads\/2026\/04\/3B-450x600.jpeg\" alt=\"\" class=\"wp-image-11307\" srcset=\"https:\/\/vskrumbach.ac.at\/wordpress\/wp-content\/uploads\/2026\/04\/3B-450x600.jpeg 450w, https:\/\/vskrumbach.ac.at\/wordpress\/wp-content\/uploads\/2026\/04\/3B-150x200.jpeg 150w, https:\/\/vskrumbach.ac.at\/wordpress\/wp-content\/uploads\/2026\/04\/3B-768x1024.jpeg 768w, https:\/\/vskrumbach.ac.at\/wordpress\/wp-content\/uploads\/2026\/04\/3B-1152x1536.jpeg 1152w, https:\/\/vskrumbach.ac.at\/wordpress\/wp-content\/uploads\/2026\/04\/3B.jpeg 1500w\" sizes=\"auto, (max-width: 450px) 100vw, 450px\" \/><\/a><figcaption class=\"wp-element-caption\">Klassensieger 3B<\/figcaption><\/figure>\n\n\n\n<figure class=\"wp-block-image size-large\"><a href=\"http:\/\/vskrumbach.ac.at\/wordpress\/wp-content\/uploads\/2026\/04\/4Klasse.jpeg\"><img loading=\"lazy\" decoding=\"async\" width=\"450\" height=\"600\" data-id=\"11306\" src=\"http:\/\/vskrumbach.ac.at\/wordpress\/wp-content\/uploads\/2026\/04\/4Klasse-450x600.jpeg\" alt=\"\" class=\"wp-image-11306\" srcset=\"https:\/\/vskrumbach.ac.at\/wordpress\/wp-content\/uploads\/2026\/04\/4Klasse-450x600.jpeg 450w, https:\/\/vskrumbach.ac.at\/wordpress\/wp-content\/uploads\/2026\/04\/4Klasse-150x200.jpeg 150w, https:\/\/vskrumbach.ac.at\/wordpress\/wp-content\/uploads\/2026\/04\/4Klasse-768x1024.jpeg 768w, https:\/\/vskrumbach.ac.at\/wordpress\/wp-content\/uploads\/2026\/04\/4Klasse-1152x1536.jpeg 1152w, https:\/\/vskrumbach.ac.at\/wordpress\/wp-content\/uploads\/2026\/04\/4Klasse.jpeg 1500w\" sizes=\"auto, (max-width: 450px) 100vw, 450px\" \/><\/a><figcaption class=\"wp-element-caption\">Klassensieger 4. Klasse<\/figcaption><\/figure>\n\n\n\n<figure class=\"wp-block-image size-large\"><a href=\"http:\/\/vskrumbach.ac.at\/wordpress\/wp-content\/uploads\/2026\/04\/Schulsieger.jpeg\"><img loading=\"lazy\" decoding=\"async\" width=\"450\" height=\"600\" data-id=\"11308\" src=\"http:\/\/vskrumbach.ac.at\/wordpress\/wp-content\/uploads\/2026\/04\/Schulsieger-450x600.jpeg\" alt=\"\" class=\"wp-image-11308\" srcset=\"https:\/\/vskrumbach.ac.at\/wordpress\/wp-content\/uploads\/2026\/04\/Schulsieger-450x600.jpeg 450w, https:\/\/vskrumbach.ac.at\/wordpress\/wp-content\/uploads\/2026\/04\/Schulsieger-150x200.jpeg 150w, https:\/\/vskrumbach.ac.at\/wordpress\/wp-content\/uploads\/2026\/04\/Schulsieger-768x1024.jpeg 768w, https:\/\/vskrumbach.ac.at\/wordpress\/wp-content\/uploads\/2026\/04\/Schulsieger-1152x1536.jpeg 1152w, https:\/\/vskrumbach.ac.at\/wordpress\/wp-content\/uploads\/2026\/04\/Schulsieger.jpeg 1500w\" sizes=\"auto, (max-width: 450px) 100vw, 450px\" \/><\/a><figcaption class=\"wp-element-caption\">Unsere Schulsieger!<\/figcaption><\/figure>\n<\/figure>\n\n\n\n<p class=\"has-text-align-center\"><strong>K\u00e4nguru der Mathematik<\/strong> ist ein Multiple-Choice-Wettbewerb mit vielf\u00e4ltigen Aufgaben zum Knobeln, zum Gr\u00fcbeln, zum Rechnen und zum Sch\u00e4tzen, der vor allem Freude an der Besch\u00e4ftigung mit Mathematik wecken soll.<\/p>\n\n\n\n<p><\/p>\n","protected":false},"excerpt":{"rendered":"<p>K\u00e4nguru der Mathematik ist ein Multiple-Choice-Wettbewerb mit vielf\u00e4ltigen Aufgaben zum Knobeln, zum Gr\u00fcbeln, zum Rechnen und zum Sch\u00e4tzen, der vor allem Freude an der Besch\u00e4ftigung mit Mathematik wecken soll.<\/p>\n","protected":false},"author":1,"featured_media":0,"parent":0,"menu_order":0,"comment_status":"closed","ping_status":"closed","template":"","meta":{"footnotes":"","_links_to":"","_links_to_target":""},"class_list":["post-11302","page","type-page","status-publish","hentry"],"_links":{"self":[{"href":"https:\/\/vskrumbach.ac.at\/wordpress\/index.php?rest_route=\/wp\/v2\/pages\/11302","targetHints":{"allow":["GET"]}}],"collection":[{"href":"https:\/\/vskrumbach.ac.at\/wordpress\/index.php?rest_route=\/wp\/v2\/pages"}],"about":[{"href":"https:\/\/vskrumbach.ac.at\/wordpress\/index.php?rest_route=\/wp\/v2\/types\/page"}],"author":[{"embeddable":true,"href":"https:\/\/vskrumbach.ac.at\/wordpress\/index.php?rest_route=\/wp\/v2\/users\/1"}],"replies":[{"embeddable":true,"href":"https:\/\/vskrumbach.ac.at\/wordpress\/index.php?rest_route=%2Fwp%2Fv2%2Fcomments&post=11302"}],"version-history":[{"count":1,"href":"https:\/\/vskrumbach.ac.at\/wordpress\/index.php?rest_route=\/wp\/v2\/pages\/11302\/revisions"}],"predecessor-version":[{"id":11309,"href":"https:\/\/vskrumbach.ac.at\/wordpress\/index.php?rest_route=\/wp\/v2\/pages\/11302\/revisions\/11309"}],"wp:attachment":[{"href":"https:\/\/vskrumbach.ac.at\/wordpress\/index.php?rest_route=%2Fwp%2Fv2%2Fmedia&parent=11302"}],"curies":[{"name":"wp","href":"https:\/\/api.w.org\/{rel}","templated":true}]}}